{"id":98,"date":"2021-10-13T15:50:33","date_gmt":"2021-10-13T13:50:33","guid":{"rendered":"https:\/\/www.inertec.de\/?page_id=98"},"modified":"2021-11-12T12:36:49","modified_gmt":"2021-11-12T11:36:49","slug":"schulung","status":"publish","type":"page","link":"https:\/\/www.inertec.de\/en\/schulung\/","title":{"rendered":"Trainings"},"content":{"rendered":"<div class=\"wp-block-columns alignfull is-layout-flex wp-container-core-columns-is-layout-9d6595d7 wp-block-columns-is-layout-flex\">\n<div class=\"wp-block-column is-layout-flow wp-block-column-is-layout-flow\" style=\"flex-basis:100%\"><div\n\t\t\t\n\t\t\tclass=\"so-widget-sow-layout-slider so-widget-sow-layout-slider-default-9142641ca1be\"\n\t\t\t\n\t\t>\t\t\t\t<div class=\"sow-slider-base\" style=\"display: none\" tabindex=\"0\">\n\t\t\t\t\t<ul\n\t\t\t\t\tclass=\"sow-slider-images\"\n\t\t\t\t\tdata-settings=\"{&quot;pagination&quot;:true,&quot;speed&quot;:800,&quot;timeout&quot;:8000,&quot;paused&quot;:false,&quot;pause_on_hover&quot;:false,&quot;swipe&quot;:true,&quot;nav_always_show_desktop&quot;:&quot;&quot;,&quot;nav_always_show_mobile&quot;:&quot;&quot;,&quot;breakpoint&quot;:&quot;780px&quot;,&quot;unmute&quot;:false,&quot;anchor&quot;:null}\"\n\t\t\t\t\tstyle=\"min-height: 400px\"\t\t\t\t\tdata-anchor-id=\"\"\n\t\t\t\t>\t\t<li class=\"sow-slider-image  sow-slider-image-cover\" style=\"visibility: visible;;background-color: #333333;background-image: url(https:\/\/www.inertec.de\/wp-content\/uploads\/2021\/10\/inertec-slider-schulung.jpg)\" >\n\t\t\t\t\t<div class=\"sow-slider-image-container\">\n\t\t\t<div class=\"sow-slider-image-wrapper\">\n\t\t\t\t\t\t\t<\/div>\n\t\t<\/div>\n\t\t\t\t<\/li>\n\t\t\t\t<li class=\"sow-slider-image  sow-slider-image-cover\" style=\"visibility: hidden;;background-color: #333333\" data-background=\"url(https:\/\/www.inertec.de\/wp-content\/uploads\/2021\/11\/inertec-slider-firma-2.jpg)\" >\n\t\t\t\t\t<div class=\"sow-slider-image-container\">\n\t\t\t<div class=\"sow-slider-image-wrapper\">\n\t\t\t\t\t\t\t<\/div>\n\t\t<\/div>\n\t\t\t\t<\/li>\n\t\t\t\t<li class=\"sow-slider-image  sow-slider-image-cover\" style=\"visibility: hidden;;background-color: #333333\" data-background=\"url(https:\/\/www.inertec.de\/wp-content\/uploads\/2021\/11\/inertec-slider-detail-1.jpg)\" >\n\t\t\t\t\t<div class=\"sow-slider-image-container\">\n\t\t\t<div class=\"sow-slider-image-wrapper\">\n\t\t\t\t\t\t\t<\/div>\n\t\t<\/div>\n\t\t\t\t<\/li>\n\t\t\t\t<li class=\"sow-slider-image  sow-slider-image-cover\" style=\"visibility: hidden;;background-color: #333333\" data-background=\"url(https:\/\/www.inertec.de\/wp-content\/uploads\/2021\/11\/inertec-slider-firma-1.jpg)\" >\n\t\t\t\t\t<div class=\"sow-slider-image-container\">\n\t\t\t<div class=\"sow-slider-image-wrapper\">\n\t\t\t\t\t\t\t<\/div>\n\t\t<\/div>\n\t\t\t\t<\/li>\n\t\t\t\t<li class=\"sow-slider-image  sow-slider-image-cover\" style=\"visibility: hidden;;background-color: #333333\" data-background=\"url(https:\/\/www.inertec.de\/wp-content\/uploads\/2021\/11\/inertec-slider-detail-2.jpg)\" >\n\t\t\t\t\t<div class=\"sow-slider-image-container\">\n\t\t\t<div class=\"sow-slider-image-wrapper\">\n\t\t\t\t\t\t\t<\/div>\n\t\t<\/div>\n\t\t\t\t<\/li>\n\t\t<\/ul>\t\t\t\t<ol class=\"sow-slider-pagination\">\n\t\t\t\t\t\t\t\t\t\t\t<li><a href=\"#\" data-goto=\"0\" aria-label=\"Display slide 1\"><\/a><\/li>\n\t\t\t\t\t\t\t\t\t\t\t<li><a href=\"#\" data-goto=\"1\" aria-label=\"Display slide 2\"><\/a><\/li>\n\t\t\t\t\t\t\t\t\t\t\t<li><a href=\"#\" data-goto=\"2\" aria-label=\"Display slide 3\"><\/a><\/li>\n\t\t\t\t\t\t\t\t\t\t\t<li><a href=\"#\" data-goto=\"3\" aria-label=\"Display slide 4\"><\/a><\/li>\n\t\t\t\t\t\t\t\t\t\t\t<li><a href=\"#\" data-goto=\"4\" aria-label=\"Display slide 5\"><\/a><\/li>\n\t\t\t\t\t\t\t\t\t<\/ol>\n\n\t\t\t\t<div class=\"sow-slide-nav sow-slide-nav-next\">\n\t\t\t\t\t<a href=\"#\" data-goto=\"next\" aria-label=\"Next slide\" data-action=\"next\">\n\t\t\t\t\t\t<em class=\"sow-sld-icon-thin-right\"><\/em>\n\t\t\t\t\t<\/a>\n\t\t\t\t<\/div>\n\n\t\t\t\t<div class=\"sow-slide-nav sow-slide-nav-prev\">\n\t\t\t\t\t<a href=\"#\" data-goto=\"previous\" aria-label=\"Previous slide\" data-action=\"prev\">\n\t\t\t\t\t\t<em class=\"sow-sld-icon-thin-left\"><\/em>\n\t\t\t\t\t<\/a>\n\t\t\t\t<\/div>\n\t\t\t\t<\/div><\/div><\/div>\n<\/div>\n\n\n\n<div style=\"height:50px\" aria-hidden=\"true\" class=\"wp-block-spacer\"><\/div>\n\n\n\n<div class=\"wp-block-columns is-layout-flex wp-container-core-columns-is-layout-9d6595d7 wp-block-columns-is-layout-flex\">\n<div class=\"wp-block-column is-layout-flow wp-block-column-is-layout-flow\" style=\"flex-basis:50%\">\n<h2 class=\"wp-block-heading\">Technical training at INERTEC<\/h2>\n\n\n\n<hr class=\"wp-block-separator has-text-color has-background has-ast-global-color-0-background-color has-ast-global-color-0-color is-style-default\"\/>\n\n\n\n<p>All of our representatives who are actively working the markets for INERTEC have been trained commercially and technically. Therefor INERTEC has set up an appropriately equipped demonstration room in which we can use all of our systems. Here we focus on customer applications &amp; know-how transfer.<\/p>\n\n\n\n<p>In doing so, customers and interested parties have the option to test and optimize their special applications under the expert guidance of the INERTEC specialists and under the best possible conditions.<\/p>\n<\/div>\n\n\n\n<div class=\"wp-block-column is-layout-flow wp-block-column-is-layout-flow\" style=\"flex-basis:50%\">\n<div class=\"wp-block-image is-style-default\"><figure class=\"alignright size-full\"><img decoding=\"async\" src=\"https:\/\/www.inertec.de\/wp-content\/uploads\/2021\/11\/inertec-content-schulung-1.jpg\" alt=\"\" class=\"wp-image-499\"\/><\/figure><\/div>\n<\/div>\n<\/div>\n\n\n\n<div style=\"height:50px\" aria-hidden=\"true\" class=\"wp-block-spacer\"><\/div>\n\n\n\n<div class=\"wp-block-group alignfull has-ast-global-color-4-background-color has-background is-layout-constrained wp-block-group-is-layout-constrained\"><div class=\"wp-block-group__inner-container\">\n<div class=\"wp-block-columns alignfull are-vertically-aligned-top is-layout-flex wp-container-core-columns-is-layout-9d6595d7 wp-block-columns-is-layout-flex\">\n<div class=\"wp-block-column is-vertically-aligned-top is-layout-flow wp-block-column-is-layout-flow\">\n<div style=\"height:30px\" aria-hidden=\"true\" class=\"wp-block-spacer\"><\/div>\n\n\n\n<h2 class=\"wp-block-heading\">Seminars<\/h2>\n\n\n\n<hr class=\"wp-block-separator has-text-color has-background has-ast-global-color-0-background-color has-ast-global-color-0-color is-style-default\"\/>\n\n\n\n<p>Furthermore, INERTEC uses targeted seminars to tackle current themes and issues concerning soldering technology and offers very specific training and lectures in our training rooms along with other partners from the industry.<\/p>\n\n\n\n<p class=\"translation-block\">INERTEC provides its customers throughout the world not just with machinery, but also with the necessary process knowledge.<\/p>\n<\/div>\n\n\n\n<div class=\"wp-block-column is-vertically-aligned-top is-layout-flow wp-block-column-is-layout-flow\">\n<div class=\"wp-block-image\"><figure class=\"alignright size-full\"><img loading=\"lazy\" decoding=\"async\" width=\"800\" height=\"400\" src=\"https:\/\/www.inertec.de\/wp-content\/uploads\/2021\/11\/inertec-content-schulung-2.jpg\" alt=\"\" class=\"wp-image-500\" srcset=\"https:\/\/www.inertec.de\/wp-content\/uploads\/2021\/11\/inertec-content-schulung-2.jpg 800w, https:\/\/www.inertec.de\/wp-content\/uploads\/2021\/11\/inertec-content-schulung-2-300x150.jpg 300w, https:\/\/www.inertec.de\/wp-content\/uploads\/2021\/11\/inertec-content-schulung-2-768x384.jpg 768w\" sizes=\"auto, (max-width: 800px) 100vw, 800px\" \/><\/figure><\/div>\n<\/div>\n<\/div>\n<\/div><\/div>","protected":false},"excerpt":{"rendered":"<p>Technische Schulung bei INERTEC Alle Vertretungen die f\u00fcr INERTEC aktiv den Markt bearbeiten sind vertrieblich, wie auch technisch geschult. Hierf\u00fcr hat INERTEC einen entsprechend ausgestatteten Demoraum, in dem wir alle unsere Anlagen verf\u00fcgbar haben. Kundenapplikationen &amp; Know-How-Transfer stehen hier im Mittelpunkt. Kunden und Interessenten haben dabei die M\u00f6glichkeit, ihre speziellen Anwendungen mit fachkundiger Anleitung der &hellip;<\/p>\n<p class=\"read-more\"> <a class=\"\" href=\"https:\/\/www.inertec.de\/en\/schulung\/\"> <span class=\"screen-reader-text\">Trainings<\/span> Read More &raquo;<\/a><\/p>","protected":false},"author":1,"featured_media":0,"parent":0,"menu_order":0,"comment_status":"closed","ping_status":"closed","template":"","meta":{"_uag_custom_page_level_css":"","site-sidebar-layout":"no-sidebar","site-content-layout":"plain-container","ast-main-header-display":"","ast-hfb-above-header-display":"","ast-hfb-below-header-display":"","ast-hfb-mobile-header-display":"","site-post-title":"disabled","ast-breadcrumbs-content":"","ast-featured-img":"","footer-sml-layout":"","theme-transparent-header-meta":"default","adv-header-id-meta":"","stick-header-meta":"","header-above-stick-meta":"","header-main-stick-meta":"","header-below-stick-meta":"","footnotes":""},"folder":[7],"class_list":["post-98","page","type-page","status-publish","hentry"],"yoast_head":"<!-- This site is optimized with the Yoast SEO plugin v27.2 - https:\/\/yoast.com\/product\/yoast-seo-wordpress\/ -->\n<title>Schulung &#8211; INERTEC<\/title>\n<meta name=\"description\" content=\"INERTEC liefert seinen Kunden weltweit nicht nur Maschinen, sondern auch das erforderliche Prozesswissen mit technisch geschulten Vertretungen.\" \/>\n<meta name=\"robots\" content=\"index, follow, max-snippet:-1, max-image-preview:large, max-video-preview:-1\" \/>\n<link rel=\"canonical\" href=\"https:\/\/www.inertec.de\/en\/schulung\/\" \/>\n<meta property=\"og:locale\" content=\"en_US\" \/>\n<meta property=\"og:type\" content=\"article\" \/>\n<meta property=\"og:title\" content=\"Schulung &#8211; INERTEC\" \/>\n<meta property=\"og:description\" content=\"INERTEC liefert seinen Kunden weltweit nicht nur Maschinen, sondern auch das erforderliche Prozesswissen mit technisch geschulten Vertretungen.\" \/>\n<meta property=\"og:url\" content=\"https:\/\/www.inertec.de\/en\/schulung\/\" \/>\n<meta property=\"og:site_name\" content=\"INERTEC\" \/>\n<meta property=\"article:modified_time\" content=\"2021-11-12T11:36:49+00:00\" \/>\n<meta property=\"og:image\" content=\"https:\/\/www.inertec.de\/wp-content\/uploads\/2021\/11\/inertec-content-schulung-1.jpg\" \/>\n<meta name=\"twitter:card\" content=\"summary_large_image\" \/>\n<meta name=\"twitter:label1\" content=\"Est. reading time\" \/>\n\t<meta name=\"twitter:data1\" content=\"1 minute\" \/>\n<script type=\"application\/ld+json\" class=\"yoast-schema-graph\">{\"@context\":\"https:\/\/schema.org\",\"@graph\":[{\"@type\":\"WebPage\",\"@id\":\"https:\/\/www.inertec.de\/schulung\/\",\"url\":\"https:\/\/www.inertec.de\/schulung\/\",\"name\":\"Schulung &#8211; INERTEC\",\"isPartOf\":{\"@id\":\"https:\/\/www.inertec.de\/#website\"},\"primaryImageOfPage\":{\"@id\":\"https:\/\/www.inertec.de\/schulung\/#primaryimage\"},\"image\":{\"@id\":\"https:\/\/www.inertec.de\/schulung\/#primaryimage\"},\"thumbnailUrl\":\"https:\/\/www.inertec.de\/wp-content\/uploads\/2021\/11\/inertec-content-schulung-1.jpg\",\"datePublished\":\"2021-10-13T13:50:33+00:00\",\"dateModified\":\"2021-11-12T11:36:49+00:00\",\"description\":\"INERTEC liefert seinen Kunden weltweit nicht nur Maschinen, sondern auch das erforderliche Prozesswissen mit technisch geschulten Vertretungen.\",\"breadcrumb\":{\"@id\":\"https:\/\/www.inertec.de\/schulung\/#breadcrumb\"},\"inLanguage\":\"en-US\",\"potentialAction\":[{\"@type\":\"ReadAction\",\"target\":[\"https:\/\/www.inertec.de\/schulung\/\"]}]},{\"@type\":\"ImageObject\",\"inLanguage\":\"en-US\",\"@id\":\"https:\/\/www.inertec.de\/schulung\/#primaryimage\",\"url\":\"https:\/\/www.inertec.de\/wp-content\/uploads\/2021\/11\/inertec-content-schulung-1.jpg\",\"contentUrl\":\"https:\/\/www.inertec.de\/wp-content\/uploads\/2021\/11\/inertec-content-schulung-1.jpg\"},{\"@type\":\"BreadcrumbList\",\"@id\":\"https:\/\/www.inertec.de\/schulung\/#breadcrumb\",\"itemListElement\":[{\"@type\":\"ListItem\",\"position\":1,\"name\":\"Startseite\",\"item\":\"https:\/\/www.inertec.de\/\"},{\"@type\":\"ListItem\",\"position\":2,\"name\":\"Schulung\"}]},{\"@type\":\"WebSite\",\"@id\":\"https:\/\/www.inertec.de\/#website\",\"url\":\"https:\/\/www.inertec.de\/\",\"name\":\"INERTEC\",\"description\":\"Soldering Solutions\",\"publisher\":{\"@id\":\"https:\/\/www.inertec.de\/#organization\"},\"potentialAction\":[{\"@type\":\"SearchAction\",\"target\":{\"@type\":\"EntryPoint\",\"urlTemplate\":\"https:\/\/www.inertec.de\/?s={search_term_string}\"},\"query-input\":{\"@type\":\"PropertyValueSpecification\",\"valueRequired\":true,\"valueName\":\"search_term_string\"}}],\"inLanguage\":\"en-US\"},{\"@type\":\"Organization\",\"@id\":\"https:\/\/www.inertec.de\/#organization\",\"name\":\"INERTEC L\u00f6ttechnik GmbH\",\"url\":\"https:\/\/www.inertec.de\/\",\"logo\":{\"@type\":\"ImageObject\",\"inLanguage\":\"en-US\",\"@id\":\"https:\/\/www.inertec.de\/#\/schema\/logo\/image\/\",\"url\":\"https:\/\/inertec.de\/neu\/wp-content\/uploads\/2021\/10\/cropped-Inertec-Logo.png\",\"contentUrl\":\"https:\/\/inertec.de\/neu\/wp-content\/uploads\/2021\/10\/cropped-Inertec-Logo.png\",\"width\":976,\"height\":337,\"caption\":\"INERTEC L\u00f6ttechnik GmbH\"},\"image\":{\"@id\":\"https:\/\/www.inertec.de\/#\/schema\/logo\/image\/\"}}]}<\/script>\n<!-- \/ Yoast SEO plugin. -->","yoast_head_json":{"title":"Schulung &#8211; INERTEC","description":"INERTEC liefert seinen Kunden weltweit nicht nur Maschinen, sondern auch das erforderliche Prozesswissen mit technisch geschulten Vertretungen.","robots":{"index":"index","follow":"follow","max-snippet":"max-snippet:-1","max-image-preview":"max-image-preview:large","max-video-preview":"max-video-preview:-1"},"canonical":"https:\/\/www.inertec.de\/en\/schulung\/","og_locale":"en_US","og_type":"article","og_title":"Schulung &#8211; INERTEC","og_description":"INERTEC liefert seinen Kunden weltweit nicht nur Maschinen, sondern auch das erforderliche Prozesswissen mit technisch geschulten Vertretungen.","og_url":"https:\/\/www.inertec.de\/en\/schulung\/","og_site_name":"INERTEC","article_modified_time":"2021-11-12T11:36:49+00:00","og_image":[{"url":"https:\/\/www.inertec.de\/wp-content\/uploads\/2021\/11\/inertec-content-schulung-1.jpg","type":"","width":"","height":""}],"twitter_card":"summary_large_image","twitter_misc":{"Est. reading time":"1 minute"},"schema":{"@context":"https:\/\/schema.org","@graph":[{"@type":"WebPage","@id":"https:\/\/www.inertec.de\/schulung\/","url":"https:\/\/www.inertec.de\/schulung\/","name":"Schulung &#8211; INERTEC","isPartOf":{"@id":"https:\/\/www.inertec.de\/#website"},"primaryImageOfPage":{"@id":"https:\/\/www.inertec.de\/schulung\/#primaryimage"},"image":{"@id":"https:\/\/www.inertec.de\/schulung\/#primaryimage"},"thumbnailUrl":"https:\/\/www.inertec.de\/wp-content\/uploads\/2021\/11\/inertec-content-schulung-1.jpg","datePublished":"2021-10-13T13:50:33+00:00","dateModified":"2021-11-12T11:36:49+00:00","description":"INERTEC liefert seinen Kunden weltweit nicht nur Maschinen, sondern auch das erforderliche Prozesswissen mit technisch geschulten Vertretungen.","breadcrumb":{"@id":"https:\/\/www.inertec.de\/schulung\/#breadcrumb"},"inLanguage":"en-US","potentialAction":[{"@type":"ReadAction","target":["https:\/\/www.inertec.de\/schulung\/"]}]},{"@type":"ImageObject","inLanguage":"en-US","@id":"https:\/\/www.inertec.de\/schulung\/#primaryimage","url":"https:\/\/www.inertec.de\/wp-content\/uploads\/2021\/11\/inertec-content-schulung-1.jpg","contentUrl":"https:\/\/www.inertec.de\/wp-content\/uploads\/2021\/11\/inertec-content-schulung-1.jpg"},{"@type":"BreadcrumbList","@id":"https:\/\/www.inertec.de\/schulung\/#breadcrumb","itemListElement":[{"@type":"ListItem","position":1,"name":"Startseite","item":"https:\/\/www.inertec.de\/"},{"@type":"ListItem","position":2,"name":"Schulung"}]},{"@type":"WebSite","@id":"https:\/\/www.inertec.de\/#website","url":"https:\/\/www.inertec.de\/","name":"INERTEC","description":"Soldering Solutions","publisher":{"@id":"https:\/\/www.inertec.de\/#organization"},"potentialAction":[{"@type":"SearchAction","target":{"@type":"EntryPoint","urlTemplate":"https:\/\/www.inertec.de\/?s={search_term_string}"},"query-input":{"@type":"PropertyValueSpecification","valueRequired":true,"valueName":"search_term_string"}}],"inLanguage":"en-US"},{"@type":"Organization","@id":"https:\/\/www.inertec.de\/#organization","name":"INERTEC L\u00f6ttechnik GmbH","url":"https:\/\/www.inertec.de\/","logo":{"@type":"ImageObject","inLanguage":"en-US","@id":"https:\/\/www.inertec.de\/#\/schema\/logo\/image\/","url":"https:\/\/inertec.de\/neu\/wp-content\/uploads\/2021\/10\/cropped-Inertec-Logo.png","contentUrl":"https:\/\/inertec.de\/neu\/wp-content\/uploads\/2021\/10\/cropped-Inertec-Logo.png","width":976,"height":337,"caption":"INERTEC L\u00f6ttechnik GmbH"},"image":{"@id":"https:\/\/www.inertec.de\/#\/schema\/logo\/image\/"}}]}},"uagb_featured_image_src":{"full":false,"thumbnail":false,"medium":false,"medium_large":false,"large":false,"1536x1536":false,"2048x2048":false,"trp-custom-language-flag":false,"sow-carousel-default":false},"uagb_author_info":{"display_name":"itc_admin","author_link":"https:\/\/www.inertec.de\/en\/author\/itc_admin\/"},"uagb_comment_info":0,"uagb_excerpt":"Technische Schulung bei INERTEC Alle Vertretungen die f\u00fcr INERTEC aktiv den Markt bearbeiten sind vertrieblich, wie auch technisch geschult. Hierf\u00fcr hat INERTEC einen entsprechend ausgestatteten Demoraum, in dem wir alle unsere Anlagen verf\u00fcgbar haben. Kundenapplikationen &amp; Know-How-Transfer stehen hier im Mittelpunkt. Kunden und Interessenten haben dabei die M\u00f6glichkeit, ihre speziellen Anwendungen mit fachkundiger Anleitung der&hellip;","_links":{"self":[{"href":"https:\/\/www.inertec.de\/en\/wp-json\/wp\/v2\/pages\/98","targetHints":{"allow":["GET"]}}],"collection":[{"href":"https:\/\/www.inertec.de\/en\/wp-json\/wp\/v2\/pages"}],"about":[{"href":"https:\/\/www.inertec.de\/en\/wp-json\/wp\/v2\/types\/page"}],"author":[{"embeddable":true,"href":"https:\/\/www.inertec.de\/en\/wp-json\/wp\/v2\/users\/1"}],"replies":[{"embeddable":true,"href":"https:\/\/www.inertec.de\/en\/wp-json\/wp\/v2\/comments?post=98"}],"version-history":[{"count":52,"href":"https:\/\/www.inertec.de\/en\/wp-json\/wp\/v2\/pages\/98\/revisions"}],"predecessor-version":[{"id":940,"href":"https:\/\/www.inertec.de\/en\/wp-json\/wp\/v2\/pages\/98\/revisions\/940"}],"wp:attachment":[{"href":"https:\/\/www.inertec.de\/en\/wp-json\/wp\/v2\/media?parent=98"}],"wp:term":[{"taxonomy":"folder","embeddable":true,"href":"https:\/\/www.inertec.de\/en\/wp-json\/wp\/v2\/folder?post=98"}],"curies":[{"name":"wp","href":"https:\/\/api.w.org\/{rel}","templated":true}]}}