{"id":9,"date":"2021-10-06T11:22:28","date_gmt":"2021-10-06T09:22:28","guid":{"rendered":"https:\/\/www.inertec.de\/?page_id=9"},"modified":"2022-03-01T15:03:46","modified_gmt":"2022-03-01T14:03:46","slug":"home","status":"publish","type":"page","link":"https:\/\/www.inertec.de\/en\/","title":{"rendered":"Home"},"content":{"rendered":"<div class=\"wp-block-columns alignfull is-layout-flex wp-container-core-columns-is-layout-9d6595d7 wp-block-columns-is-layout-flex\">\n<div class=\"wp-block-column is-layout-flow wp-block-column-is-layout-flow\" style=\"flex-basis:100%\"><div\n\t\t\t\n\t\t\tclass=\"so-widget-sow-layout-slider so-widget-sow-layout-slider-default-9142641ca1be\"\n\t\t\t\n\t\t>\t\t\t\t<div class=\"sow-slider-base\" style=\"display: none\" tabindex=\"0\">\n\t\t\t\t\t<ul\n\t\t\t\t\tclass=\"sow-slider-images\"\n\t\t\t\t\tdata-settings=\"{&quot;pagination&quot;:true,&quot;speed&quot;:800,&quot;timeout&quot;:8000,&quot;paused&quot;:false,&quot;pause_on_hover&quot;:false,&quot;swipe&quot;:true,&quot;nav_always_show_desktop&quot;:&quot;&quot;,&quot;nav_always_show_mobile&quot;:&quot;&quot;,&quot;breakpoint&quot;:&quot;780px&quot;,&quot;unmute&quot;:false,&quot;anchor&quot;:null}\"\n\t\t\t\t\tstyle=\"min-height: 400px\"\t\t\t\t\tdata-anchor-id=\"\"\n\t\t\t\t>\t\t<li class=\"sow-slider-image  sow-slider-image-cover\" style=\"visibility: visible;;background-color: #333333;background-image: url(https:\/\/www.inertec.de\/wp-content\/uploads\/2021\/11\/inertec-slider-firma-1.jpg)\" >\n\t\t\t\t\t<div class=\"sow-slider-image-container\">\n\t\t\t<div class=\"sow-slider-image-wrapper\">\n\t\t\t\t\t\t\t<\/div>\n\t\t<\/div>\n\t\t\t\t<\/li>\n\t\t\t\t<li class=\"sow-slider-image  sow-slider-image-cover\" style=\"visibility: hidden;;background-color: #333333\" data-background=\"url(https:\/\/www.inertec.de\/wp-content\/uploads\/2021\/10\/inertec-slider-schulung.jpg)\" >\n\t\t\t\t\t<div class=\"sow-slider-image-container\">\n\t\t\t<div class=\"sow-slider-image-wrapper\">\n\t\t\t\t\t\t\t<\/div>\n\t\t<\/div>\n\t\t\t\t<\/li>\n\t\t\t\t<li class=\"sow-slider-image  sow-slider-image-cover\" style=\"visibility: hidden;;background-color: #333333\" data-background=\"url(https:\/\/www.inertec.de\/wp-content\/uploads\/2021\/11\/inertec-slider-detail-1.jpg)\" >\n\t\t\t\t\t<div class=\"sow-slider-image-container\">\n\t\t\t<div class=\"sow-slider-image-wrapper\">\n\t\t\t\t\t\t\t<\/div>\n\t\t<\/div>\n\t\t\t\t<\/li>\n\t\t\t\t<li class=\"sow-slider-image  sow-slider-image-cover\" style=\"visibility: hidden;;background-color: #333333\" data-background=\"url(https:\/\/www.inertec.de\/wp-content\/uploads\/2021\/11\/inertec-slider-detail-2.jpg)\" >\n\t\t\t\t\t<div class=\"sow-slider-image-container\">\n\t\t\t<div class=\"sow-slider-image-wrapper\">\n\t\t\t\t\t\t\t<\/div>\n\t\t<\/div>\n\t\t\t\t<\/li>\n\t\t<\/ul>\t\t\t\t<ol class=\"sow-slider-pagination\">\n\t\t\t\t\t\t\t\t\t\t\t<li><a href=\"#\" data-goto=\"0\" aria-label=\"Display slide 1\"><\/a><\/li>\n\t\t\t\t\t\t\t\t\t\t\t<li><a href=\"#\" data-goto=\"1\" aria-label=\"Display slide 2\"><\/a><\/li>\n\t\t\t\t\t\t\t\t\t\t\t<li><a href=\"#\" data-goto=\"2\" aria-label=\"Display slide 3\"><\/a><\/li>\n\t\t\t\t\t\t\t\t\t\t\t<li><a href=\"#\" data-goto=\"3\" aria-label=\"Display slide 4\"><\/a><\/li>\n\t\t\t\t\t\t\t\t\t<\/ol>\n\n\t\t\t\t<div class=\"sow-slide-nav sow-slide-nav-next\">\n\t\t\t\t\t<a href=\"#\" data-goto=\"next\" aria-label=\"Next slide\" data-action=\"next\">\n\t\t\t\t\t\t<em class=\"sow-sld-icon-thin-right\"><\/em>\n\t\t\t\t\t<\/a>\n\t\t\t\t<\/div>\n\n\t\t\t\t<div class=\"sow-slide-nav sow-slide-nav-prev\">\n\t\t\t\t\t<a href=\"#\" data-goto=\"previous\" aria-label=\"Previous slide\" data-action=\"prev\">\n\t\t\t\t\t\t<em class=\"sow-sld-icon-thin-left\"><\/em>\n\t\t\t\t\t<\/a>\n\t\t\t\t<\/div>\n\t\t\t\t<\/div><\/div><\/div>\n<\/div>\n\n\n\n<div style=\"height:50px\" aria-hidden=\"true\" class=\"wp-block-spacer\"><\/div>\n\n\n\n<div class=\"wp-block-columns is-layout-flex wp-container-core-columns-is-layout-9d6595d7 wp-block-columns-is-layout-flex\">\n<div class=\"wp-block-column is-layout-flow wp-block-column-is-layout-flow\" style=\"flex-basis:100%\">\n<h2 class=\"wp-block-heading\" id=\"weltweit-aktiv-und-mit-der-heimat-verwurzelt\">Worldwide actively and with the native country roots<\/h2>\n\n\n\n<hr class=\"wp-block-separator has-text-color has-background has-ast-global-color-0-background-color has-ast-global-color-0-color is-style-default\"\/>\n\n\n\n<p><strong>Despite its global commitment, INERTEC, with its company headquarters in Kreuzwertheim, has strong regional roots and profits from the favourable location conditions.\nFrom a quick start with small production islands right through to throughput-optimized production lines, INERTEC will find the right solution.<\/strong><\/p>\n\n\n\n<p class=\"translation-block\">With over 1600 installed soldering systems, INERTEC is one of the leading companies in this market sector. Right from the start, the main focus was on the development and production of innovative soldering technologies. The corporate guiding principle was and still is today the company\u00b4s ability to react flexibly to the wishes and requirements of the user, and to continue to develop innovative <a href=\"https:\/\/inertec.de\/en\/produkte\/\" target=\"_self\">products<\/a>.<\/p>\n<\/div>\n<\/div>\n\n\n\n<div class=\"wp-block-group alignfull has-ast-global-color-4-background-color has-background is-layout-constrained wp-block-group-is-layout-constrained\"><div class=\"wp-block-group__inner-container\">\n<div class=\"wp-block-columns is-layout-flex wp-container-core-columns-is-layout-9d6595d7 wp-block-columns-is-layout-flex\">\n<div class=\"wp-block-column is-layout-flow wp-block-column-is-layout-flow\">\n<div class=\"wp-block-image animated pop duration2 eds-on-hover\"><figure class=\"aligncenter size-full is-resized\"><a href=\"https:\/\/www.inertec.de\/en\/produkte\/\"><img loading=\"lazy\" decoding=\"async\" src=\"https:\/\/www.inertec.de\/wp-content\/uploads\/2021\/10\/1.png\" alt=\"\" class=\"wp-image-81\" width=\"150\" height=\"150\" srcset=\"https:\/\/www.inertec.de\/wp-content\/uploads\/2021\/10\/1.png 1000w, https:\/\/www.inertec.de\/wp-content\/uploads\/2021\/10\/1-300x300.png 300w, https:\/\/www.inertec.de\/wp-content\/uploads\/2021\/10\/1-150x150.png 150w, https:\/\/www.inertec.de\/wp-content\/uploads\/2021\/10\/1-768x768.png 768w\" sizes=\"auto, (max-width: 150px) 100vw, 150px\" \/><\/a><figcaption>Products<\/figcaption><\/figure><\/div>\n<\/div>\n\n\n\n<div class=\"wp-block-column is-layout-flow wp-block-column-is-layout-flow\">\n<div class=\"wp-block-image animated pop duration2 eds-on-hover\"><figure class=\"aligncenter size-full is-resized\"><a href=\"https:\/\/www.inertec.de\/en\/service-vertrieb\/\"><img loading=\"lazy\" decoding=\"async\" src=\"https:\/\/www.inertec.de\/wp-content\/uploads\/2021\/10\/Inertec-Bereich-2-Service.png\" alt=\"\" class=\"wp-image-83\" width=\"150\" height=\"150\" srcset=\"https:\/\/www.inertec.de\/wp-content\/uploads\/2021\/10\/Inertec-Bereich-2-Service.png 1000w, https:\/\/www.inertec.de\/wp-content\/uploads\/2021\/10\/Inertec-Bereich-2-Service-300x300.png 300w, https:\/\/www.inertec.de\/wp-content\/uploads\/2021\/10\/Inertec-Bereich-2-Service-150x150.png 150w, https:\/\/www.inertec.de\/wp-content\/uploads\/2021\/10\/Inertec-Bereich-2-Service-768x768.png 768w\" sizes=\"auto, (max-width: 150px) 100vw, 150px\" \/><\/a><figcaption>Sales \/ Service<\/figcaption><\/figure><\/div>\n<\/div>\n\n\n\n<div class=\"wp-block-column is-layout-flow wp-block-column-is-layout-flow\">\n<div class=\"wp-block-image animated pop duration2 eds-on-hover\"><figure class=\"aligncenter size-full is-resized\"><a href=\"https:\/\/www.inertec.de\/en\/schulung\/\"><img loading=\"lazy\" decoding=\"async\" src=\"https:\/\/www.inertec.de\/wp-content\/uploads\/2021\/10\/Inertec-Bereich-3-Schulung.png\" alt=\"\" class=\"wp-image-84\" width=\"150\" height=\"150\" srcset=\"https:\/\/www.inertec.de\/wp-content\/uploads\/2021\/10\/Inertec-Bereich-3-Schulung.png 1000w, https:\/\/www.inertec.de\/wp-content\/uploads\/2021\/10\/Inertec-Bereich-3-Schulung-300x300.png 300w, https:\/\/www.inertec.de\/wp-content\/uploads\/2021\/10\/Inertec-Bereich-3-Schulung-150x150.png 150w, https:\/\/www.inertec.de\/wp-content\/uploads\/2021\/10\/Inertec-Bereich-3-Schulung-768x768.png 768w\" sizes=\"auto, (max-width: 150px) 100vw, 150px\" \/><\/a><figcaption>Trainings<\/figcaption><\/figure><\/div>\n<\/div>\n\n\n\n<div class=\"wp-block-column is-layout-flow wp-block-column-is-layout-flow\">\n<div class=\"wp-block-image animated pop duration2 eds-on-hover\"><figure class=\"aligncenter size-full is-resized\"><a href=\"https:\/\/www.inertec.de\/en\/ueber-uns\/\"><img loading=\"lazy\" decoding=\"async\" src=\"https:\/\/www.inertec.de\/wp-content\/uploads\/2021\/10\/Inertec-Bereich-4-UeberUns.png\" alt=\"\" class=\"wp-image-85\" width=\"150\" height=\"150\" srcset=\"https:\/\/www.inertec.de\/wp-content\/uploads\/2021\/10\/Inertec-Bereich-4-UeberUns.png 1000w, https:\/\/www.inertec.de\/wp-content\/uploads\/2021\/10\/Inertec-Bereich-4-UeberUns-300x300.png 300w, https:\/\/www.inertec.de\/wp-content\/uploads\/2021\/10\/Inertec-Bereich-4-UeberUns-150x150.png 150w, https:\/\/www.inertec.de\/wp-content\/uploads\/2021\/10\/Inertec-Bereich-4-UeberUns-768x768.png 768w\" sizes=\"auto, (max-width: 150px) 100vw, 150px\" \/><\/a><figcaption>About us<\/figcaption><\/figure><\/div>\n<\/div>\n\n\n\n<div class=\"wp-block-column is-layout-flow wp-block-column-is-layout-flow\">\n<div class=\"wp-block-image animated pop duration2 eds-on-hover\"><figure class=\"aligncenter size-full is-resized\"><a href=\"https:\/\/www.inertec.de\/karriere\/\"><img loading=\"lazy\" decoding=\"async\" src=\"https:\/\/www.inertec.de\/wp-content\/uploads\/2021\/10\/Inertec-Bereich-5-Karriere.png\" alt=\"\" class=\"wp-image-86\" width=\"150\" height=\"150\" srcset=\"https:\/\/www.inertec.de\/wp-content\/uploads\/2021\/10\/Inertec-Bereich-5-Karriere.png 1000w, https:\/\/www.inertec.de\/wp-content\/uploads\/2021\/10\/Inertec-Bereich-5-Karriere-300x300.png 300w, https:\/\/www.inertec.de\/wp-content\/uploads\/2021\/10\/Inertec-Bereich-5-Karriere-150x150.png 150w, https:\/\/www.inertec.de\/wp-content\/uploads\/2021\/10\/Inertec-Bereich-5-Karriere-768x768.png 768w\" sizes=\"auto, (max-width: 150px) 100vw, 150px\" \/><\/a><figcaption><p class=\"none\">Career<\/p><\/figcaption><\/figure><\/div>\n<\/div>\n<\/div>\n<\/div><\/div>\n\n\n\n<div style=\"height:50px\" aria-hidden=\"true\" class=\"wp-block-spacer\"><\/div>\n\n\n<div id=\"pl-gb9-69d6030418bd0\"  class=\"panel-layout\" ><div id=\"pg-gb9-69d6030418bd0-0\"  class=\"panel-grid panel-no-style\" ><div id=\"pgc-gb9-69d6030418bd0-0-0\"  class=\"panel-grid-cell\" ><div id=\"panel-gb9-69d6030418bd0-0-0-0\" class=\"so-panel widget widget_sow-slider panel-first-child panel-last-child\" data-index=\"0\" ><div\n\t\t\t\n\t\t\tclass=\"so-widget-sow-slider so-widget-sow-slider-default-71d5c9d9c341-9\"\n\t\t\t\n\t\t>\t\t\t\t<div class=\"sow-slider-base\" style=\"display: none\" tabindex=\"0\">\n\t\t\t\t\t<ul\n\t\t\t\t\tclass=\"sow-slider-images\"\n\t\t\t\t\tdata-settings=\"{&quot;pagination&quot;:true,&quot;speed&quot;:400,&quot;timeout&quot;:8000,&quot;paused&quot;:false,&quot;pause_on_hover&quot;:false,&quot;swipe&quot;:true,&quot;nav_always_show_desktop&quot;:&quot;&quot;,&quot;nav_always_show_mobile&quot;:&quot;&quot;,&quot;breakpoint&quot;:&quot;780px&quot;,&quot;unmute&quot;:false,&quot;anchor&quot;:null}\"\n\t\t\t\t\t\t\t\t\t\tdata-anchor-id=\"\"\n\t\t\t\t><\/ul>\t\t\t\t<ol class=\"sow-slider-pagination\">\n\t\t\t\t\t\t\t\t\t<\/ol>\n\n\t\t\t\t<div class=\"sow-slide-nav sow-slide-nav-next\">\n\t\t\t\t\t<a href=\"#\" data-goto=\"next\" aria-label=\"Next slide\" data-action=\"next\">\n\t\t\t\t\t\t<em class=\"sow-sld-icon-thin-right\"><\/em>\n\t\t\t\t\t<\/a>\n\t\t\t\t<\/div>\n\n\t\t\t\t<div class=\"sow-slide-nav sow-slide-nav-prev\">\n\t\t\t\t\t<a href=\"#\" data-goto=\"previous\" aria-label=\"Previous slide\" data-action=\"prev\">\n\t\t\t\t\t\t<em class=\"sow-sld-icon-thin-left\"><\/em>\n\t\t\t\t\t<\/a>\n\t\t\t\t<\/div>\n\t\t\t\t<\/div><\/div><\/div><\/div><\/div><\/div>\n\n\n<h3 class=\"wp-block-heading\" id=\"news-feed\">News Feed<\/h3>\n\n\n\n<hr class=\"wp-block-separator has-text-color has-background has-ast-global-color-0-background-color has-ast-global-color-0-color is-style-default\"\/>\n\n\n\n\t\t\t<div class=\"wp-block-uagb-post-grid uagb-post-grid  uagb-post__image-position-top uagb-post__image-disabled uagb-block-d8572235     uagb-post__items uagb-post__columns-2 is-grid uagb-post__columns-tablet-2 uagb-post__columns-mobile-1 uagb-post__equal-height\" data-total=\"1\" style=\"\">\n\n\t\t\t\t\t\t\t\t\t\t\t\t<article class=\"uagb-post__inner-wrap\">\t\t\t\t\t\t\t\t<h4 class=\"uagb-post__title uagb-post__text\">\n\t\t\t\t<a href=\"https:\/\/www.inertec.de\/en\/2024\/08\/13\/inertec-inline-serie\/\" target=\"_self\" rel=\"bookmark noopener noreferrer\">INERTEC Inline+ Series<\/a>\n\t\t\t<\/h4>\n\t\t\t\t\t\t<div class='uagb-post__text uagb-post-grid-byline'>\n\t\t\t\t\t\t\t\t<time datetime=\"2024-08-13T09:36:29+02:00\" class=\"uagb-post__date\">\n\t\t\t\t<span class=\"dashicons-calendar dashicons\"><\/span>\t\t\t\t\t13. August 2024\t\t\t\t<\/time>\n\t\t\t\t\t\t<\/div>\n\t\t\t\t\t\t\t<div class='uagb-post__text uagb-post__excerpt'>\n\t\t\t\t\t<p>INERTEC Inline+ Serie. Das Layout der INERTEC Inline+ Serie und die aktuelle BECKHOFF Steuerung erm\u00f6glichen eine Maschinenkonfiguration mit mehreren Miniwellen&#8230;\t\t\t\t<\/div>\n\t\t\t\t\t\t<div class=\"uagb-post__text uagb-post__cta wp-block-button\">\n\t\t\t\t<a class=\"wp-block-button__link uagb-text-link\" style=\"\" href=\"https:\/\/www.inertec.de\/en\/2024\/08\/13\/inertec-inline-serie\/\" target=\"_self\" rel=\"bookmark noopener noreferrer\">Read More<\/a>\n\t\t\t<\/div>\n\t\t\t\n\t\t\t\t\t\t\t\t\t<\/article>\n\t\t\t\t\t\t\t\t\t\t\t\t\t\t\t\t<article class=\"uagb-post__inner-wrap\">\t\t\t\t\t\t\t\t<h4 class=\"uagb-post__title uagb-post__text\">\n\t\t\t\t<a href=\"https:\/\/www.inertec.de\/en\/2024\/06\/24\/hoechste-zuverlaessigkeit-2\/\" target=\"_self\" rel=\"bookmark noopener noreferrer\">Selective Soldering<\/a>\n\t\t\t<\/h4>\n\t\t\t\t\t\t<div class='uagb-post__text uagb-post-grid-byline'>\n\t\t\t\t\t\t\t\t<time datetime=\"2024-06-24T12:09:00+02:00\" class=\"uagb-post__date\">\n\t\t\t\t<span class=\"dashicons-calendar dashicons\"><\/span>\t\t\t\t\t24. June 2024\t\t\t\t<\/time>\n\t\t\t\t\t\t<\/div>\n\t\t\t\t\t\t\t<div class='uagb-post__text uagb-post__excerpt'>\n\t\t\t\t\t<p>Selektivl\u00f6ten. Selektivl\u00f6ten k\u00f6nnen alle Anbieter &#8211; aber INERTEC ist der einzige Anbieter, der ma\u00dfgeschneiderte L\u00f6sungen wie dieses Beispiel anbietet: Die&#8230;\t\t\t\t<\/div>\n\t\t\t\t\t\t<div class=\"uagb-post__text uagb-post__cta wp-block-button\">\n\t\t\t\t<a class=\"wp-block-button__link uagb-text-link\" style=\"\" href=\"https:\/\/www.inertec.de\/en\/2024\/06\/24\/hoechste-zuverlaessigkeit-2\/\" target=\"_self\" rel=\"bookmark noopener noreferrer\">Read More<\/a>\n\t\t\t<\/div>\n\t\t\t\n\t\t\t\t\t\t\t\t\t<\/article>\n\t\t\t\t\t\t\t\t\t\t\t\t\t\t\t\t<article class=\"uagb-post__inner-wrap\">\t\t\t\t\t\t\t\t<h4 class=\"uagb-post__title uagb-post__text\">\n\t\t\t\t<a href=\"https:\/\/www.inertec.de\/en\/2022\/01\/24\/hoechste-zuverlaessigkeit\/\" target=\"_self\" rel=\"bookmark noopener noreferrer\">Highest reliability<\/a>\n\t\t\t<\/h4>\n\t\t\t\t\t\t<div class='uagb-post__text uagb-post-grid-byline'>\n\t\t\t\t\t\t\t\t<time datetime=\"2022-01-24T10:00:00+01:00\" class=\"uagb-post__date\">\n\t\t\t\t<span class=\"dashicons-calendar dashicons\"><\/span>\t\t\t\t\t24. January 2022\t\t\t\t<\/time>\n\t\t\t\t\t\t<\/div>\n\t\t\t\t\t\t\t<div class='uagb-post__text uagb-post__excerpt'>\n\t\t\t\t\t<p>H\u00f6chste Zuverl\u00e4ssigkeit. Erneut konnte INERTEC eine komplette Anlage f\u00fcr unseren Kunden aus der Automobilindustrie konzipieren. Basierend auf der Spezifikation realisierte&#8230;\t\t\t\t<\/div>\n\t\t\t\t\t\t<div class=\"uagb-post__text uagb-post__cta wp-block-button\">\n\t\t\t\t<a class=\"wp-block-button__link uagb-text-link\" style=\"\" href=\"https:\/\/www.inertec.de\/en\/2022\/01\/24\/hoechste-zuverlaessigkeit\/\" target=\"_self\" rel=\"bookmark noopener noreferrer\">Read More<\/a>\n\t\t\t<\/div>\n\t\t\t\n\t\t\t\t\t\t\t\t\t<\/article>\n\t\t\t\t\t\t\t\t\t\t\t<\/div>\n\t\t\t\n\n\n<div style=\"height:40px\" aria-hidden=\"true\" class=\"wp-block-spacer\"><\/div>","protected":false},"excerpt":{"rendered":"<p>Weltweit aktiv und mit der Heimat verwurzelt Trotz globalen Engagements ist INERTEC mit Firmensitz in Kreuzwertheim regional stark verwurzelt und profitiert von den guten Standortbedingungen. Vom schnellen Einstieg mit kleiner Fertigungsinsel bis zur durchsatzoptimierten Fertigungslinie findet INERTEC die passenden Antworten. Mit \u00fcber 1600 installierten L\u00f6tsystemen ist INERTEC eines der f\u00fchrenden Unternehmen in diesem Marktsegment. Von &hellip;<\/p>\n<p class=\"read-more\"> <a class=\"\" href=\"https:\/\/www.inertec.de\/en\/\"> <span class=\"screen-reader-text\">Home<\/span> Read More &raquo;<\/a><\/p>","protected":false},"author":1,"featured_media":0,"parent":0,"menu_order":0,"comment_status":"closed","ping_status":"closed","template":"","meta":{"_uag_custom_page_level_css":"","site-sidebar-layout":"no-sidebar","site-content-layout":"plain-container","ast-main-header-display":"","ast-hfb-above-header-display":"","ast-hfb-below-header-display":"","ast-hfb-mobile-header-display":"","site-post-title":"disabled","ast-breadcrumbs-content":"","ast-featured-img":"","footer-sml-layout":"","theme-transparent-header-meta":"default","adv-header-id-meta":"","stick-header-meta":"","header-above-stick-meta":"","header-main-stick-meta":"","header-below-stick-meta":"","footnotes":""},"folder":[7],"class_list":["post-9","page","type-page","status-publish","hentry"],"yoast_head":"<!-- This site is optimized with the Yoast SEO plugin v27.2 - https:\/\/yoast.com\/product\/yoast-seo-wordpress\/ -->\n<title>Home &#8211; INERTEC<\/title>\n<meta name=\"description\" content=\"INERTEC ist seit mehr als 20 Jahren auf dem Gebiet der Selektivl\u00f6ttechnik t\u00e4tig und hat diesen Markt durch innovative Produkte mitgestaltet.\" \/>\n<meta name=\"robots\" content=\"index, follow, max-snippet:-1, max-image-preview:large, max-video-preview:-1\" \/>\n<link rel=\"canonical\" href=\"https:\/\/www.inertec.de\/en\/\" \/>\n<meta property=\"og:locale\" content=\"en_US\" \/>\n<meta property=\"og:type\" content=\"article\" \/>\n<meta property=\"og:title\" content=\"Home &#8211; INERTEC\" \/>\n<meta property=\"og:description\" content=\"INERTEC ist seit mehr als 20 Jahren auf dem Gebiet der Selektivl\u00f6ttechnik t\u00e4tig und hat diesen Markt durch innovative Produkte mitgestaltet.\" \/>\n<meta property=\"og:url\" content=\"https:\/\/www.inertec.de\/en\/\" \/>\n<meta property=\"og:site_name\" content=\"INERTEC\" \/>\n<meta property=\"article:modified_time\" content=\"2022-03-01T14:03:46+00:00\" \/>\n<meta property=\"og:image\" content=\"https:\/\/www.inertec.de\/wp-content\/uploads\/2021\/10\/1.png\" \/>\n<meta name=\"twitter:card\" content=\"summary_large_image\" \/>\n<meta name=\"twitter:label1\" content=\"Est. reading time\" \/>\n\t<meta name=\"twitter:data1\" content=\"2 minutes\" \/>\n<script type=\"application\/ld+json\" class=\"yoast-schema-graph\">{\"@context\":\"https:\/\/schema.org\",\"@graph\":[{\"@type\":\"WebPage\",\"@id\":\"https:\/\/www.inertec.de\/\",\"url\":\"https:\/\/www.inertec.de\/\",\"name\":\"Home &#8211; INERTEC\",\"isPartOf\":{\"@id\":\"https:\/\/www.inertec.de\/#website\"},\"primaryImageOfPage\":{\"@id\":\"https:\/\/www.inertec.de\/#primaryimage\"},\"image\":{\"@id\":\"https:\/\/www.inertec.de\/#primaryimage\"},\"thumbnailUrl\":\"https:\/\/www.inertec.de\/wp-content\/uploads\/2021\/10\/1.png\",\"datePublished\":\"2021-10-06T09:22:28+00:00\",\"dateModified\":\"2022-03-01T14:03:46+00:00\",\"description\":\"INERTEC ist seit mehr als 20 Jahren auf dem Gebiet der Selektivl\u00f6ttechnik t\u00e4tig und hat diesen Markt durch innovative Produkte mitgestaltet.\",\"breadcrumb\":{\"@id\":\"https:\/\/www.inertec.de\/#breadcrumb\"},\"inLanguage\":\"en-US\",\"potentialAction\":[{\"@type\":\"ReadAction\",\"target\":[\"https:\/\/www.inertec.de\/\"]}]},{\"@type\":\"ImageObject\",\"inLanguage\":\"en-US\",\"@id\":\"https:\/\/www.inertec.de\/#primaryimage\",\"url\":\"https:\/\/www.inertec.de\/wp-content\/uploads\/2021\/10\/1.png\",\"contentUrl\":\"https:\/\/www.inertec.de\/wp-content\/uploads\/2021\/10\/1.png\"},{\"@type\":\"BreadcrumbList\",\"@id\":\"https:\/\/www.inertec.de\/#breadcrumb\",\"itemListElement\":[{\"@type\":\"ListItem\",\"position\":1,\"name\":\"Startseite\",\"item\":\"https:\/\/www.inertec.de\/\"},{\"@type\":\"ListItem\",\"position\":2,\"name\":\"Home\"}]},{\"@type\":\"WebSite\",\"@id\":\"https:\/\/www.inertec.de\/#website\",\"url\":\"https:\/\/www.inertec.de\/\",\"name\":\"INERTEC\",\"description\":\"Soldering Solutions\",\"publisher\":{\"@id\":\"https:\/\/www.inertec.de\/#organization\"},\"potentialAction\":[{\"@type\":\"SearchAction\",\"target\":{\"@type\":\"EntryPoint\",\"urlTemplate\":\"https:\/\/www.inertec.de\/?s={search_term_string}\"},\"query-input\":{\"@type\":\"PropertyValueSpecification\",\"valueRequired\":true,\"valueName\":\"search_term_string\"}}],\"inLanguage\":\"en-US\"},{\"@type\":\"Organization\",\"@id\":\"https:\/\/www.inertec.de\/#organization\",\"name\":\"INERTEC L\u00f6ttechnik GmbH\",\"url\":\"https:\/\/www.inertec.de\/\",\"logo\":{\"@type\":\"ImageObject\",\"inLanguage\":\"en-US\",\"@id\":\"https:\/\/www.inertec.de\/#\/schema\/logo\/image\/\",\"url\":\"https:\/\/inertec.de\/neu\/wp-content\/uploads\/2021\/10\/cropped-Inertec-Logo.png\",\"contentUrl\":\"https:\/\/inertec.de\/neu\/wp-content\/uploads\/2021\/10\/cropped-Inertec-Logo.png\",\"width\":976,\"height\":337,\"caption\":\"INERTEC L\u00f6ttechnik GmbH\"},\"image\":{\"@id\":\"https:\/\/www.inertec.de\/#\/schema\/logo\/image\/\"}}]}<\/script>\n<!-- \/ Yoast SEO plugin. -->","yoast_head_json":{"title":"Home &#8211; INERTEC","description":"INERTEC ist seit mehr als 20 Jahren auf dem Gebiet der Selektivl\u00f6ttechnik t\u00e4tig und hat diesen Markt durch innovative Produkte mitgestaltet.","robots":{"index":"index","follow":"follow","max-snippet":"max-snippet:-1","max-image-preview":"max-image-preview:large","max-video-preview":"max-video-preview:-1"},"canonical":"https:\/\/www.inertec.de\/en\/","og_locale":"en_US","og_type":"article","og_title":"Home &#8211; INERTEC","og_description":"INERTEC ist seit mehr als 20 Jahren auf dem Gebiet der Selektivl\u00f6ttechnik t\u00e4tig und hat diesen Markt durch innovative Produkte mitgestaltet.","og_url":"https:\/\/www.inertec.de\/en\/","og_site_name":"INERTEC","article_modified_time":"2022-03-01T14:03:46+00:00","og_image":[{"url":"https:\/\/www.inertec.de\/wp-content\/uploads\/2021\/10\/1.png","type":"","width":"","height":""}],"twitter_card":"summary_large_image","twitter_misc":{"Est. reading time":"2 minutes"},"schema":{"@context":"https:\/\/schema.org","@graph":[{"@type":"WebPage","@id":"https:\/\/www.inertec.de\/","url":"https:\/\/www.inertec.de\/","name":"Home &#8211; INERTEC","isPartOf":{"@id":"https:\/\/www.inertec.de\/#website"},"primaryImageOfPage":{"@id":"https:\/\/www.inertec.de\/#primaryimage"},"image":{"@id":"https:\/\/www.inertec.de\/#primaryimage"},"thumbnailUrl":"https:\/\/www.inertec.de\/wp-content\/uploads\/2021\/10\/1.png","datePublished":"2021-10-06T09:22:28+00:00","dateModified":"2022-03-01T14:03:46+00:00","description":"INERTEC ist seit mehr als 20 Jahren auf dem Gebiet der Selektivl\u00f6ttechnik t\u00e4tig und hat diesen Markt durch innovative Produkte mitgestaltet.","breadcrumb":{"@id":"https:\/\/www.inertec.de\/#breadcrumb"},"inLanguage":"en-US","potentialAction":[{"@type":"ReadAction","target":["https:\/\/www.inertec.de\/"]}]},{"@type":"ImageObject","inLanguage":"en-US","@id":"https:\/\/www.inertec.de\/#primaryimage","url":"https:\/\/www.inertec.de\/wp-content\/uploads\/2021\/10\/1.png","contentUrl":"https:\/\/www.inertec.de\/wp-content\/uploads\/2021\/10\/1.png"},{"@type":"BreadcrumbList","@id":"https:\/\/www.inertec.de\/#breadcrumb","itemListElement":[{"@type":"ListItem","position":1,"name":"Startseite","item":"https:\/\/www.inertec.de\/"},{"@type":"ListItem","position":2,"name":"Home"}]},{"@type":"WebSite","@id":"https:\/\/www.inertec.de\/#website","url":"https:\/\/www.inertec.de\/","name":"INERTEC","description":"Soldering Solutions","publisher":{"@id":"https:\/\/www.inertec.de\/#organization"},"potentialAction":[{"@type":"SearchAction","target":{"@type":"EntryPoint","urlTemplate":"https:\/\/www.inertec.de\/?s={search_term_string}"},"query-input":{"@type":"PropertyValueSpecification","valueRequired":true,"valueName":"search_term_string"}}],"inLanguage":"en-US"},{"@type":"Organization","@id":"https:\/\/www.inertec.de\/#organization","name":"INERTEC L\u00f6ttechnik GmbH","url":"https:\/\/www.inertec.de\/","logo":{"@type":"ImageObject","inLanguage":"en-US","@id":"https:\/\/www.inertec.de\/#\/schema\/logo\/image\/","url":"https:\/\/inertec.de\/neu\/wp-content\/uploads\/2021\/10\/cropped-Inertec-Logo.png","contentUrl":"https:\/\/inertec.de\/neu\/wp-content\/uploads\/2021\/10\/cropped-Inertec-Logo.png","width":976,"height":337,"caption":"INERTEC L\u00f6ttechnik GmbH"},"image":{"@id":"https:\/\/www.inertec.de\/#\/schema\/logo\/image\/"}}]}},"uagb_featured_image_src":{"full":false,"thumbnail":false,"medium":false,"medium_large":false,"large":false,"1536x1536":false,"2048x2048":false,"trp-custom-language-flag":false,"sow-carousel-default":false},"uagb_author_info":{"display_name":"itc_admin","author_link":"https:\/\/www.inertec.de\/en\/author\/itc_admin\/"},"uagb_comment_info":0,"uagb_excerpt":"Weltweit aktiv und mit der Heimat verwurzelt Trotz globalen Engagements ist INERTEC mit Firmensitz in Kreuzwertheim regional stark verwurzelt und profitiert von den guten Standortbedingungen. Vom schnellen Einstieg mit kleiner Fertigungsinsel bis zur durchsatzoptimierten Fertigungslinie findet INERTEC die passenden Antworten. Mit \u00fcber 1600 installierten L\u00f6tsystemen ist INERTEC eines der f\u00fchrenden Unternehmen in diesem Marktsegment. Von&hellip;","_links":{"self":[{"href":"https:\/\/www.inertec.de\/en\/wp-json\/wp\/v2\/pages\/9","targetHints":{"allow":["GET"]}}],"collection":[{"href":"https:\/\/www.inertec.de\/en\/wp-json\/wp\/v2\/pages"}],"about":[{"href":"https:\/\/www.inertec.de\/en\/wp-json\/wp\/v2\/types\/page"}],"author":[{"embeddable":true,"href":"https:\/\/www.inertec.de\/en\/wp-json\/wp\/v2\/users\/1"}],"replies":[{"embeddable":true,"href":"https:\/\/www.inertec.de\/en\/wp-json\/wp\/v2\/comments?post=9"}],"version-history":[{"count":152,"href":"https:\/\/www.inertec.de\/en\/wp-json\/wp\/v2\/pages\/9\/revisions"}],"predecessor-version":[{"id":1508,"href":"https:\/\/www.inertec.de\/en\/wp-json\/wp\/v2\/pages\/9\/revisions\/1508"}],"wp:attachment":[{"href":"https:\/\/www.inertec.de\/en\/wp-json\/wp\/v2\/media?parent=9"}],"wp:term":[{"taxonomy":"folder","embeddable":true,"href":"https:\/\/www.inertec.de\/en\/wp-json\/wp\/v2\/folder?post=9"}],"curies":[{"name":"wp","href":"https:\/\/api.w.org\/{rel}","templated":true}]}}