{"id":533,"date":"2021-11-02T16:09:47","date_gmt":"2021-11-02T15:09:47","guid":{"rendered":"https:\/\/www.inertec.de\/?page_id=533"},"modified":"2022-01-18T12:07:01","modified_gmt":"2022-01-18T11:07:01","slug":"els-3-3-inline","status":"publish","type":"page","link":"https:\/\/www.inertec.de\/en\/els-3-3-inline\/","title":{"rendered":"ELS 3.3 Inline"},"content":{"rendered":"<div class=\"wp-block-columns alignfull is-layout-flex wp-container-core-columns-is-layout-9d6595d7 wp-block-columns-is-layout-flex\">\n<div class=\"wp-block-column is-layout-flow wp-block-column-is-layout-flow\" style=\"flex-basis:100%\"><div\n\t\t\t\n\t\t\tclass=\"so-widget-sow-layout-slider so-widget-sow-layout-slider-default-9142641ca1be\"\n\t\t\t\n\t\t>\t\t\t\t<div class=\"sow-slider-base\" style=\"display: none\" tabindex=\"0\">\n\t\t\t\t\t<ul\n\t\t\t\t\tclass=\"sow-slider-images\"\n\t\t\t\t\tdata-settings=\"{&quot;pagination&quot;:true,&quot;speed&quot;:800,&quot;timeout&quot;:8000,&quot;paused&quot;:false,&quot;pause_on_hover&quot;:false,&quot;swipe&quot;:true,&quot;nav_always_show_desktop&quot;:&quot;&quot;,&quot;nav_always_show_mobile&quot;:&quot;&quot;,&quot;breakpoint&quot;:&quot;780px&quot;,&quot;unmute&quot;:false,&quot;anchor&quot;:null}\"\n\t\t\t\t\tstyle=\"min-height: 400px\"\t\t\t\t\tdata-anchor-id=\"\"\n\t\t\t\t>\t\t<li class=\"sow-slider-image  sow-slider-image-cover\" style=\"visibility: visible;;background-color: #333333;background-image: url(https:\/\/www.inertec.de\/wp-content\/uploads\/2022\/01\/inertec-slider-produkte-3.jpg)\" >\n\t\t\t\t\t<div class=\"sow-slider-image-container\">\n\t\t\t<div class=\"sow-slider-image-wrapper\">\n\t\t\t\t\t\t\t<\/div>\n\t\t<\/div>\n\t\t\t\t<\/li>\n\t\t\t\t<li class=\"sow-slider-image  sow-slider-image-cover\" style=\"visibility: hidden;;background-color: #333333\" data-background=\"url(https:\/\/www.inertec.de\/wp-content\/uploads\/2022\/01\/inertec-slider-produkte-1.jpg)\" >\n\t\t\t\t\t<div class=\"sow-slider-image-container\">\n\t\t\t<div class=\"sow-slider-image-wrapper\">\n\t\t\t\t\t\t\t<\/div>\n\t\t<\/div>\n\t\t\t\t<\/li>\n\t\t\t\t<li class=\"sow-slider-image  sow-slider-image-cover\" style=\"visibility: hidden;;background-color: #333333\" data-background=\"url(https:\/\/www.inertec.de\/wp-content\/uploads\/2022\/01\/inertec-slider-produkte-2.jpg)\" >\n\t\t\t\t\t<div class=\"sow-slider-image-container\">\n\t\t\t<div class=\"sow-slider-image-wrapper\">\n\t\t\t\t\t\t\t<\/div>\n\t\t<\/div>\n\t\t\t\t<\/li>\n\t\t<\/ul>\t\t\t\t<ol class=\"sow-slider-pagination\">\n\t\t\t\t\t\t\t\t\t\t\t<li><a href=\"#\" data-goto=\"0\" aria-label=\"Display slide 1\"><\/a><\/li>\n\t\t\t\t\t\t\t\t\t\t\t<li><a href=\"#\" data-goto=\"1\" aria-label=\"Display slide 2\"><\/a><\/li>\n\t\t\t\t\t\t\t\t\t\t\t<li><a href=\"#\" data-goto=\"2\" aria-label=\"Display slide 3\"><\/a><\/li>\n\t\t\t\t\t\t\t\t\t<\/ol>\n\n\t\t\t\t<div class=\"sow-slide-nav sow-slide-nav-next\">\n\t\t\t\t\t<a href=\"#\" data-goto=\"next\" aria-label=\"Next slide\" data-action=\"next\">\n\t\t\t\t\t\t<em class=\"sow-sld-icon-thin-right\"><\/em>\n\t\t\t\t\t<\/a>\n\t\t\t\t<\/div>\n\n\t\t\t\t<div class=\"sow-slide-nav sow-slide-nav-prev\">\n\t\t\t\t\t<a href=\"#\" data-goto=\"previous\" aria-label=\"Previous slide\" data-action=\"prev\">\n\t\t\t\t\t\t<em class=\"sow-sld-icon-thin-left\"><\/em>\n\t\t\t\t\t<\/a>\n\t\t\t\t<\/div>\n\t\t\t\t<\/div><\/div><\/div>\n<\/div>\n\n\n\n<div style=\"height:50px\" aria-hidden=\"true\" class=\"wp-block-spacer\"><\/div>\n\n\n\n<h2 class=\"wp-block-heading\">ELS 3.3 Inline \u2013 Multi-axis soldering systems for flexible production with a high level of product mix<\/h2>\n\n\n\n<hr class=\"wp-block-separator has-text-color has-background has-ast-global-color-0-background-color has-ast-global-color-0-color is-style-default\"\/>\n\n\n\n<p><strong>The Inertec ELS 3.3 Inline is the best solution for flexible production with a high level of product mix<\/strong><\/p>\n\n\n\n<div class=\"wp-block-image\"><figure class=\"aligncenter size-large\"><img loading=\"lazy\" decoding=\"async\" width=\"1024\" height=\"512\" src=\"https:\/\/www.inertec.de\/wp-content\/uploads\/2021\/11\/inertec-content-produkt-els-titel-1024x512.png\" alt=\"\" class=\"wp-image-741\" srcset=\"https:\/\/www.inertec.de\/wp-content\/uploads\/2021\/11\/inertec-content-produkt-els-titel-1024x512.png 1024w, https:\/\/www.inertec.de\/wp-content\/uploads\/2021\/11\/inertec-content-produkt-els-titel-300x150.png 300w, https:\/\/www.inertec.de\/wp-content\/uploads\/2021\/11\/inertec-content-produkt-els-titel-768x384.png 768w, https:\/\/www.inertec.de\/wp-content\/uploads\/2021\/11\/inertec-content-produkt-els-titel-1536x768.png 1536w, https:\/\/www.inertec.de\/wp-content\/uploads\/2021\/11\/inertec-content-produkt-els-titel.png 1600w\" sizes=\"auto, (max-width: 1024px) 100vw, 1024px\" \/><\/figure><\/div>\n\n\n\n<div class=\"wp-block-group alignfull has-ast-global-color-4-background-color has-background is-layout-constrained wp-block-group-is-layout-constrained\"><div class=\"wp-block-group__inner-container\">\n<div class=\"wp-block-columns alignfull are-vertically-aligned-top is-layout-flex wp-container-core-columns-is-layout-9d6595d7 wp-block-columns-is-layout-flex\">\n<div class=\"wp-block-column is-vertically-aligned-top is-layout-flow wp-block-column-is-layout-flow\" style=\"flex-basis:50%\">\n<p>Hundreds of INERTEC multi-axis soldering systems from the ELS series have been used since 1993 in electronics productions worldwide. These soldering systems enable virtually all manual soldering applications to be automated. The soldering quality is on a par with that of forming gas mass soldering systems. This system, which is preferred by numerous well-known electronics service providers, offers a solid design and simple programming.<\/p>\n\n\n\n<p>The super-quick maintenance of the soldering unit for which the system is known ensures full availability of the system even in multi-shift operation.<\/p>\n\n\n\n<p>Using the soldering nozzle quick-change system, the unit can be modified with just a few hand movements to handle the most varied of soldering tasks. A precise control of the soldering heights and temperatures forms the basis for the reliable process controls required by the user.<\/p>\n\n\n\n<div class=\"wp-block-image\"><figure class=\"aligncenter size-full\"><img loading=\"lazy\" decoding=\"async\" width=\"800\" height=\"400\" src=\"https:\/\/www.inertec.de\/wp-content\/uploads\/2021\/12\/inertec-content-produkt-els-6.jpg\" alt=\"\" class=\"wp-image-1088\" srcset=\"https:\/\/www.inertec.de\/wp-content\/uploads\/2021\/12\/inertec-content-produkt-els-6.jpg 800w, https:\/\/www.inertec.de\/wp-content\/uploads\/2021\/12\/inertec-content-produkt-els-6-300x150.jpg 300w, https:\/\/www.inertec.de\/wp-content\/uploads\/2021\/12\/inertec-content-produkt-els-6-768x384.jpg 768w, https:\/\/www.inertec.de\/wp-content\/uploads\/2021\/12\/inertec-content-produkt-els-6-18x9.jpg 18w\" sizes=\"auto, (max-width: 800px) 100vw, 800px\" \/><\/figure><\/div>\n<\/div>\n\n\n\n<div class=\"wp-block-column is-vertically-aligned-top is-layout-flow wp-block-column-is-layout-flow\" style=\"flex-basis:50%\">\n<p>The soldering module that is supplied with two simultaneous or autonomous soldering modules ensures the maximum technological availability for all products; large connectors or point soldering \u2013 not a problem for this system. An interchangeable soldering module and a transportation unit are also available upon request. The use of lead-free solder is obligatory and the soldering module is enamelled throughout.<\/p>\n\n\n\n<p>The ELS 3.3 soldering system has been designed for the production mix of small and medium series. The easy-toprogram miniwaves with wettable and contraflow nozzles enable any subassembly to be processed using optimized parameters. \nThe soldering module is equipped with an axis-controlled flux system and a multi-stage glass ceramic pre-heating system specially developed for subassembly production.&nbsp;<br>The soldering module is equipped with an axis-controlled flux system and a multi-stage glass ceramic pre-heating system specially developed for subassembly production.<\/p>\n\n\n\n<div class=\"wp-block-image\"><figure class=\"aligncenter size-full\"><img loading=\"lazy\" decoding=\"async\" width=\"800\" height=\"400\" src=\"https:\/\/www.inertec.de\/wp-content\/uploads\/2021\/12\/inertec-content-produkt-els-5.jpg\" alt=\"\" class=\"wp-image-1089\" srcset=\"https:\/\/www.inertec.de\/wp-content\/uploads\/2021\/12\/inertec-content-produkt-els-5.jpg 800w, https:\/\/www.inertec.de\/wp-content\/uploads\/2021\/12\/inertec-content-produkt-els-5-300x150.jpg 300w, https:\/\/www.inertec.de\/wp-content\/uploads\/2021\/12\/inertec-content-produkt-els-5-768x384.jpg 768w, https:\/\/www.inertec.de\/wp-content\/uploads\/2021\/12\/inertec-content-produkt-els-5-18x9.jpg 18w\" sizes=\"auto, (max-width: 800px) 100vw, 800px\" \/><\/figure><\/div>\n<\/div>\n<\/div>\n<\/div><\/div>\n\n\n\n<div style=\"height:50px\" aria-hidden=\"true\" class=\"wp-block-spacer\"><\/div>\n\n\n\n<div class=\"wp-block-columns is-layout-flex wp-container-core-columns-is-layout-9d6595d7 wp-block-columns-is-layout-flex\">\n<div class=\"wp-block-column is-layout-flow wp-block-column-is-layout-flow\" style=\"flex-basis:50%\">\n<h2 class=\"wp-block-heading\">The perfect prerequisite for automated processes<\/h2>\n\n\n\n<hr class=\"wp-block-separator has-text-color has-background has-ast-global-color-0-background-color has-ast-global-color-0-color is-style-default\"\/>\n\n\n\n<p>The ELS 3.3 soldering system is designed as a soldering centre for inline operation with a connection to external transport systems. For special applications, the soldering unit can be expanded so that the crucible can take up to 4 waves in parallel.<\/p>\n\n\n\n<p>Thanks to the solid construction of the soldering unit and the professional X-Y-Z axes system with servo drives, high piece weights can be processed. It is therefore possible to integrate this in the alignment and hold-down functions of the gripper. Thanks to the inline design of the individual components, fluxing, pre-heating and soldering, 3 pallets can be processed in the system and the processes managed separately from each other in a cycle-neutral manner. A pin chain transport is installed above the fluxer and the pre-heating system for this purpose. A 40-mm soldering wave can be used for soldering work on small subassemblies.<\/p>\n\n\n\n<p>Take your pick from a multitude of interchangeable nozzles to suit those special soldering tasks.  We have the ideal solution for virtually all your soldering needs.<\/p>\n<\/div>\n\n\n\n<div class=\"wp-block-column is-layout-flow wp-block-column-is-layout-flow\" style=\"flex-basis:50%\">\n<div class=\"wp-block-image\"><figure class=\"alignleft size-full\"><img decoding=\"async\" src=\"https:\/\/www.inertec.de\/wp-content\/uploads\/2021\/12\/inertec-content-produkt-els-8-2.jpg\" alt=\"\" class=\"wp-image-1105\"\/><\/figure><\/div>\n\n\n\n<p><\/p>\n<\/div>\n<\/div>\n\n\n\n<div style=\"height:20px\" aria-hidden=\"true\" class=\"wp-block-spacer\"><\/div>\n\n\n\n<div class=\"wp-block-group alignfull has-ast-global-color-4-background-color has-background is-layout-constrained wp-block-group-is-layout-constrained\"><div class=\"wp-block-group__inner-container\">\n<div class=\"wp-block-columns alignfull are-vertically-aligned-top is-layout-flex wp-container-core-columns-is-layout-9d6595d7 wp-block-columns-is-layout-flex\">\n<div class=\"wp-block-column is-vertically-aligned-top is-layout-flow wp-block-column-is-layout-flow\">\n<h2 class=\"wp-block-heading\">ELS 3.3 Software<\/h2>\n\n\n\n<hr class=\"wp-block-separator has-text-color has-background has-ast-global-color-0-background-color has-ast-global-color-0-color is-style-default\"\/>\n\n\n\n<p>The ELS 3.3 Inline is the ideal solution if you require flexibility and throughput. Its intelligent soldering modules make it unnecessary to change nozzles or you can use several soldering nozzles in parallel. It can also operate with 2 solder crucibles containing different solders simultaneously \u2013 you can even use a full wave. The ELS 3.3 therefore sets new standards in terms of flexibility and throughput.<\/p>\n\n\n\n<p>Increased quality demands in the automotive sector call for a qualified soldering process, with the respective process controls and batch traceability \u2013 an evident advantage of this automated solution. The ELS 3.3 is perfectly prepared \u2013 with its diverse traceability concepts from simple barcode detection through to complex main computer connection.&nbsp;<\/p>\n\n\n\n<p>Today, the efficiency of the software plays a significant role. How quickly can I implement my project? Well, if you have the right tools \u2026 in next to no time. Offline \u2013 generate the basic program with ease, either graphically using the workplace or by means of Gerber files. Already at this stage you can optimize process paths, calculate cycle times and launch a simulation run. You then simply adapt the process parameters on the machine's computer to suit the circuit board \u2013 job done.<\/p>\n<\/div>\n\n\n\n<div class=\"wp-block-column is-vertically-aligned-top is-layout-flow wp-block-column-is-layout-flow\" style=\"flex-basis:50%\">\n<div class=\"wp-block-image\"><figure class=\"aligncenter size-full\"><img loading=\"lazy\" decoding=\"async\" width=\"800\" height=\"865\" src=\"https:\/\/www.inertec.de\/wp-content\/uploads\/2021\/11\/inertec-content-produkt-els-software.png\" alt=\"\" class=\"wp-image-726\" srcset=\"https:\/\/www.inertec.de\/wp-content\/uploads\/2021\/11\/inertec-content-produkt-els-software.png 800w, https:\/\/www.inertec.de\/wp-content\/uploads\/2021\/11\/inertec-content-produkt-els-software-277x300.png 277w, https:\/\/www.inertec.de\/wp-content\/uploads\/2021\/11\/inertec-content-produkt-els-software-768x830.png 768w\" sizes=\"auto, (max-width: 800px) 100vw, 800px\" \/><\/figure><\/div>\n<\/div>\n<\/div>\n<\/div><\/div>\n\n\n\n<div style=\"height:50px\" aria-hidden=\"true\" class=\"wp-block-spacer\"><\/div>\n\n\n\n<h2 class=\"wp-block-heading\">Technical Configurations<\/h2>\n\n\n\n<hr class=\"wp-block-separator has-text-color has-background has-ast-global-color-0-background-color has-ast-global-color-0-color is-style-default\"\/>\n\n\n\n<div class=\"wp-block-columns is-layout-flex wp-container-core-columns-is-layout-9d6595d7 wp-block-columns-is-layout-flex\">\n<div class=\"wp-block-column is-layout-flow wp-block-column-is-layout-flow\" style=\"flex-basis:50%\">\n<p><a href=\"https:\/\/www.karaenke.com\/wp-content\/themes\/karaenke\/downloads\/Mieterselbstauskunft_Vorlage_beschreibbar.pdf\"><meta charset=\"utf-8\"><\/a>Simply download our brochure on the ELS 3.3 here.<\/p>\n<\/div>\n\n\n\n<div class=\"wp-block-column is-layout-flow wp-block-column-is-layout-flow\" style=\"flex-basis:50%\">\n<div class=\"wp-block-buttons is-content-justification-center is-layout-flex wp-block-buttons-is-layout-flex\">\n<div class=\"wp-block-button\"><a class=\"wp-block-button__link\" href=\"https:\/\/www.inertec.de\/en\/wa_files\/Inertec_20Produktinfo_20ELS_203_3_20inline_20D_20Web.pdf\/\" target=\"_blank\" rel=\"noreferrer noopener\">Download Brochure<\/a><\/div>\n<\/div>\n<\/div>\n<\/div>\n\n\n\n<div style=\"height:10px\" aria-hidden=\"true\" class=\"wp-block-spacer\"><\/div>","protected":false},"excerpt":{"rendered":"<p>ELS 3.3 Inline \u2013 Mehrachsl\u00f6tsysteme fu\u0308r flexible Fertigung mit hohem Produktmix Die Inertec ELS 3.3 Inline ist die beste L\u00f6sung f\u00fcr die flexible Fertigung mit hohem Produktmix. INERTEC Mehrachsl\u00f6tsysteme der Baureihe ELS finden Sie seit 1993 hundertfach weltweit in den Elektronikfertigungen. Mit diesen L\u00f6tsystemen konnte nahezu der gesamte Handl\u00f6tbereich automatisiert werden. Die L\u00f6tqualit\u00e4t entspricht der &hellip;<\/p>\n<p class=\"read-more\"> <a class=\"\" href=\"https:\/\/www.inertec.de\/en\/els-3-3-inline\/\"> <span class=\"screen-reader-text\">ELS 3.3 Inline<\/span> Read More &raquo;<\/a><\/p>","protected":false},"author":1,"featured_media":0,"parent":0,"menu_order":0,"comment_status":"closed","ping_status":"closed","template":"","meta":{"_uag_custom_page_level_css":"","site-sidebar-layout":"no-sidebar","site-content-layout":"plain-container","ast-main-header-display":"","ast-hfb-above-header-display":"","ast-hfb-below-header-display":"","ast-hfb-mobile-header-display":"","site-post-title":"disabled","ast-breadcrumbs-content":"","ast-featured-img":"","footer-sml-layout":"","theme-transparent-header-meta":"default","adv-header-id-meta":"","stick-header-meta":"","header-above-stick-meta":"","header-main-stick-meta":"","header-below-stick-meta":"","footnotes":""},"folder":[6],"class_list":["post-533","page","type-page","status-publish","hentry"],"yoast_head":"<!-- This site is optimized with the Yoast SEO plugin v27.2 - https:\/\/yoast.com\/product\/yoast-seo-wordpress\/ -->\n<title>ELS 3.3 Inline &#8211; INERTEC<\/title>\n<meta name=\"description\" content=\"Die ELS 3.3 Inline \u2013 Mehrachsl\u00f6tsysteme und die beste L\u00f6sung fu\u0308r flexible Fertigung mit hohem Produktmix.\" \/>\n<meta name=\"robots\" content=\"index, follow, max-snippet:-1, max-image-preview:large, max-video-preview:-1\" \/>\n<link rel=\"canonical\" href=\"https:\/\/www.inertec.de\/en\/els-3-3-inline\/\" \/>\n<meta property=\"og:locale\" content=\"en_US\" \/>\n<meta property=\"og:type\" content=\"article\" \/>\n<meta property=\"og:title\" content=\"ELS 3.3 Inline &#8211; INERTEC\" \/>\n<meta property=\"og:description\" content=\"Die ELS 3.3 Inline \u2013 Mehrachsl\u00f6tsysteme und die beste L\u00f6sung fu\u0308r flexible Fertigung mit hohem Produktmix.\" \/>\n<meta property=\"og:url\" content=\"https:\/\/www.inertec.de\/en\/els-3-3-inline\/\" \/>\n<meta property=\"og:site_name\" content=\"INERTEC\" \/>\n<meta property=\"article:modified_time\" content=\"2022-01-18T11:07:01+00:00\" \/>\n<meta property=\"og:image\" content=\"https:\/\/www.inertec.de\/wp-content\/uploads\/2021\/11\/inertec-content-produkt-els-titel-1024x512.png\" \/>\n<meta name=\"twitter:card\" content=\"summary_large_image\" \/>\n<meta name=\"twitter:label1\" content=\"Est. reading time\" \/>\n\t<meta name=\"twitter:data1\" content=\"4 minutes\" \/>\n<script type=\"application\/ld+json\" class=\"yoast-schema-graph\">{\"@context\":\"https:\/\/schema.org\",\"@graph\":[{\"@type\":\"WebPage\",\"@id\":\"https:\/\/www.inertec.de\/els-3-3-inline\/\",\"url\":\"https:\/\/www.inertec.de\/els-3-3-inline\/\",\"name\":\"ELS 3.3 Inline &#8211; INERTEC\",\"isPartOf\":{\"@id\":\"https:\/\/www.inertec.de\/#website\"},\"primaryImageOfPage\":{\"@id\":\"https:\/\/www.inertec.de\/els-3-3-inline\/#primaryimage\"},\"image\":{\"@id\":\"https:\/\/www.inertec.de\/els-3-3-inline\/#primaryimage\"},\"thumbnailUrl\":\"https:\/\/www.inertec.de\/wp-content\/uploads\/2021\/11\/inertec-content-produkt-els-titel-1024x512.png\",\"datePublished\":\"2021-11-02T15:09:47+00:00\",\"dateModified\":\"2022-01-18T11:07:01+00:00\",\"description\":\"Die ELS 3.3 Inline \u2013 Mehrachsl\u00f6tsysteme und die beste L\u00f6sung fu\u0308r flexible Fertigung mit hohem Produktmix.\",\"breadcrumb\":{\"@id\":\"https:\/\/www.inertec.de\/els-3-3-inline\/#breadcrumb\"},\"inLanguage\":\"en-US\",\"potentialAction\":[{\"@type\":\"ReadAction\",\"target\":[\"https:\/\/www.inertec.de\/els-3-3-inline\/\"]}]},{\"@type\":\"ImageObject\",\"inLanguage\":\"en-US\",\"@id\":\"https:\/\/www.inertec.de\/els-3-3-inline\/#primaryimage\",\"url\":\"https:\/\/www.inertec.de\/wp-content\/uploads\/2021\/11\/inertec-content-produkt-els-titel-1024x512.png\",\"contentUrl\":\"https:\/\/www.inertec.de\/wp-content\/uploads\/2021\/11\/inertec-content-produkt-els-titel-1024x512.png\"},{\"@type\":\"BreadcrumbList\",\"@id\":\"https:\/\/www.inertec.de\/els-3-3-inline\/#breadcrumb\",\"itemListElement\":[{\"@type\":\"ListItem\",\"position\":1,\"name\":\"Startseite\",\"item\":\"https:\/\/www.inertec.de\/\"},{\"@type\":\"ListItem\",\"position\":2,\"name\":\"ELS 3.3 Inline\"}]},{\"@type\":\"WebSite\",\"@id\":\"https:\/\/www.inertec.de\/#website\",\"url\":\"https:\/\/www.inertec.de\/\",\"name\":\"INERTEC\",\"description\":\"Soldering Solutions\",\"publisher\":{\"@id\":\"https:\/\/www.inertec.de\/#organization\"},\"potentialAction\":[{\"@type\":\"SearchAction\",\"target\":{\"@type\":\"EntryPoint\",\"urlTemplate\":\"https:\/\/www.inertec.de\/?s={search_term_string}\"},\"query-input\":{\"@type\":\"PropertyValueSpecification\",\"valueRequired\":true,\"valueName\":\"search_term_string\"}}],\"inLanguage\":\"en-US\"},{\"@type\":\"Organization\",\"@id\":\"https:\/\/www.inertec.de\/#organization\",\"name\":\"INERTEC L\u00f6ttechnik GmbH\",\"url\":\"https:\/\/www.inertec.de\/\",\"logo\":{\"@type\":\"ImageObject\",\"inLanguage\":\"en-US\",\"@id\":\"https:\/\/www.inertec.de\/#\/schema\/logo\/image\/\",\"url\":\"https:\/\/inertec.de\/neu\/wp-content\/uploads\/2021\/10\/cropped-Inertec-Logo.png\",\"contentUrl\":\"https:\/\/inertec.de\/neu\/wp-content\/uploads\/2021\/10\/cropped-Inertec-Logo.png\",\"width\":976,\"height\":337,\"caption\":\"INERTEC L\u00f6ttechnik GmbH\"},\"image\":{\"@id\":\"https:\/\/www.inertec.de\/#\/schema\/logo\/image\/\"}}]}<\/script>\n<!-- \/ Yoast SEO plugin. -->","yoast_head_json":{"title":"ELS 3.3 Inline &#8211; INERTEC","description":"Die ELS 3.3 Inline \u2013 Mehrachsl\u00f6tsysteme und die beste L\u00f6sung fu\u0308r flexible Fertigung mit hohem Produktmix.","robots":{"index":"index","follow":"follow","max-snippet":"max-snippet:-1","max-image-preview":"max-image-preview:large","max-video-preview":"max-video-preview:-1"},"canonical":"https:\/\/www.inertec.de\/en\/els-3-3-inline\/","og_locale":"en_US","og_type":"article","og_title":"ELS 3.3 Inline &#8211; INERTEC","og_description":"Die ELS 3.3 Inline \u2013 Mehrachsl\u00f6tsysteme und die beste L\u00f6sung fu\u0308r flexible Fertigung mit hohem Produktmix.","og_url":"https:\/\/www.inertec.de\/en\/els-3-3-inline\/","og_site_name":"INERTEC","article_modified_time":"2022-01-18T11:07:01+00:00","og_image":[{"url":"https:\/\/www.inertec.de\/wp-content\/uploads\/2021\/11\/inertec-content-produkt-els-titel-1024x512.png","type":"","width":"","height":""}],"twitter_card":"summary_large_image","twitter_misc":{"Est. reading time":"4 minutes"},"schema":{"@context":"https:\/\/schema.org","@graph":[{"@type":"WebPage","@id":"https:\/\/www.inertec.de\/els-3-3-inline\/","url":"https:\/\/www.inertec.de\/els-3-3-inline\/","name":"ELS 3.3 Inline &#8211; INERTEC","isPartOf":{"@id":"https:\/\/www.inertec.de\/#website"},"primaryImageOfPage":{"@id":"https:\/\/www.inertec.de\/els-3-3-inline\/#primaryimage"},"image":{"@id":"https:\/\/www.inertec.de\/els-3-3-inline\/#primaryimage"},"thumbnailUrl":"https:\/\/www.inertec.de\/wp-content\/uploads\/2021\/11\/inertec-content-produkt-els-titel-1024x512.png","datePublished":"2021-11-02T15:09:47+00:00","dateModified":"2022-01-18T11:07:01+00:00","description":"Die ELS 3.3 Inline \u2013 Mehrachsl\u00f6tsysteme und die beste L\u00f6sung fu\u0308r flexible Fertigung mit hohem Produktmix.","breadcrumb":{"@id":"https:\/\/www.inertec.de\/els-3-3-inline\/#breadcrumb"},"inLanguage":"en-US","potentialAction":[{"@type":"ReadAction","target":["https:\/\/www.inertec.de\/els-3-3-inline\/"]}]},{"@type":"ImageObject","inLanguage":"en-US","@id":"https:\/\/www.inertec.de\/els-3-3-inline\/#primaryimage","url":"https:\/\/www.inertec.de\/wp-content\/uploads\/2021\/11\/inertec-content-produkt-els-titel-1024x512.png","contentUrl":"https:\/\/www.inertec.de\/wp-content\/uploads\/2021\/11\/inertec-content-produkt-els-titel-1024x512.png"},{"@type":"BreadcrumbList","@id":"https:\/\/www.inertec.de\/els-3-3-inline\/#breadcrumb","itemListElement":[{"@type":"ListItem","position":1,"name":"Startseite","item":"https:\/\/www.inertec.de\/"},{"@type":"ListItem","position":2,"name":"ELS 3.3 Inline"}]},{"@type":"WebSite","@id":"https:\/\/www.inertec.de\/#website","url":"https:\/\/www.inertec.de\/","name":"INERTEC","description":"Soldering Solutions","publisher":{"@id":"https:\/\/www.inertec.de\/#organization"},"potentialAction":[{"@type":"SearchAction","target":{"@type":"EntryPoint","urlTemplate":"https:\/\/www.inertec.de\/?s={search_term_string}"},"query-input":{"@type":"PropertyValueSpecification","valueRequired":true,"valueName":"search_term_string"}}],"inLanguage":"en-US"},{"@type":"Organization","@id":"https:\/\/www.inertec.de\/#organization","name":"INERTEC L\u00f6ttechnik GmbH","url":"https:\/\/www.inertec.de\/","logo":{"@type":"ImageObject","inLanguage":"en-US","@id":"https:\/\/www.inertec.de\/#\/schema\/logo\/image\/","url":"https:\/\/inertec.de\/neu\/wp-content\/uploads\/2021\/10\/cropped-Inertec-Logo.png","contentUrl":"https:\/\/inertec.de\/neu\/wp-content\/uploads\/2021\/10\/cropped-Inertec-Logo.png","width":976,"height":337,"caption":"INERTEC L\u00f6ttechnik GmbH"},"image":{"@id":"https:\/\/www.inertec.de\/#\/schema\/logo\/image\/"}}]}},"uagb_featured_image_src":{"full":false,"thumbnail":false,"medium":false,"medium_large":false,"large":false,"1536x1536":false,"2048x2048":false,"trp-custom-language-flag":false,"sow-carousel-default":false},"uagb_author_info":{"display_name":"itc_admin","author_link":"https:\/\/www.inertec.de\/en\/author\/itc_admin\/"},"uagb_comment_info":0,"uagb_excerpt":"ELS 3.3 Inline \u2013 Mehrachsl\u00f6tsysteme fu\u0308r flexible Fertigung mit hohem Produktmix Die Inertec ELS 3.3 Inline ist die beste L\u00f6sung f\u00fcr die flexible Fertigung mit hohem Produktmix. INERTEC Mehrachsl\u00f6tsysteme der Baureihe ELS finden Sie seit 1993 hundertfach weltweit in den Elektronikfertigungen. Mit diesen L\u00f6tsystemen konnte nahezu der gesamte Handl\u00f6tbereich automatisiert werden. Die L\u00f6tqualit\u00e4t entspricht der&hellip;","_links":{"self":[{"href":"https:\/\/www.inertec.de\/en\/wp-json\/wp\/v2\/pages\/533","targetHints":{"allow":["GET"]}}],"collection":[{"href":"https:\/\/www.inertec.de\/en\/wp-json\/wp\/v2\/pages"}],"about":[{"href":"https:\/\/www.inertec.de\/en\/wp-json\/wp\/v2\/types\/page"}],"author":[{"embeddable":true,"href":"https:\/\/www.inertec.de\/en\/wp-json\/wp\/v2\/users\/1"}],"replies":[{"embeddable":true,"href":"https:\/\/www.inertec.de\/en\/wp-json\/wp\/v2\/comments?post=533"}],"version-history":[{"count":38,"href":"https:\/\/www.inertec.de\/en\/wp-json\/wp\/v2\/pages\/533\/revisions"}],"predecessor-version":[{"id":1253,"href":"https:\/\/www.inertec.de\/en\/wp-json\/wp\/v2\/pages\/533\/revisions\/1253"}],"wp:attachment":[{"href":"https:\/\/www.inertec.de\/en\/wp-json\/wp\/v2\/media?parent=533"}],"wp:term":[{"taxonomy":"folder","embeddable":true,"href":"https:\/\/www.inertec.de\/en\/wp-json\/wp\/v2\/folder?post=533"}],"curies":[{"name":"wp","href":"https:\/\/api.w.org\/{rel}","templated":true}]}}