{"id":508,"date":"2021-11-02T13:38:31","date_gmt":"2021-11-02T12:38:31","guid":{"rendered":"https:\/\/www.inertec.de\/?page_id=508"},"modified":"2023-11-24T22:25:15","modified_gmt":"2023-11-24T21:25:15","slug":"produkte","status":"publish","type":"page","link":"https:\/\/www.inertec.de\/en\/produkte\/","title":{"rendered":"Products"},"content":{"rendered":"<div class=\"wp-block-columns alignfull is-layout-flex wp-container-core-columns-is-layout-9d6595d7 wp-block-columns-is-layout-flex\">\n<div class=\"wp-block-column is-layout-flow wp-block-column-is-layout-flow\" style=\"flex-basis:100%\"><div\n\t\t\t\n\t\t\tclass=\"so-widget-sow-layout-slider so-widget-sow-layout-slider-default-9142641ca1be\"\n\t\t\t\n\t\t>\t\t\t\t<div class=\"sow-slider-base\" style=\"display: none\" tabindex=\"0\">\n\t\t\t\t\t<ul\n\t\t\t\t\tclass=\"sow-slider-images\"\n\t\t\t\t\tdata-settings=\"{&quot;pagination&quot;:true,&quot;speed&quot;:800,&quot;timeout&quot;:8000,&quot;paused&quot;:false,&quot;pause_on_hover&quot;:false,&quot;swipe&quot;:true,&quot;nav_always_show_desktop&quot;:&quot;&quot;,&quot;nav_always_show_mobile&quot;:&quot;&quot;,&quot;breakpoint&quot;:&quot;780px&quot;,&quot;unmute&quot;:false,&quot;anchor&quot;:null}\"\n\t\t\t\t\tstyle=\"min-height: 400px\"\t\t\t\t\tdata-anchor-id=\"\"\n\t\t\t\t>\t\t<li class=\"sow-slider-image  sow-slider-image-cover\" style=\"visibility: visible;;background-color: #333333;background-image: url(https:\/\/www.inertec.de\/wp-content\/uploads\/2022\/01\/inertec-slider-produkte-3.jpg)\" >\n\t\t\t\t\t<div class=\"sow-slider-image-container\">\n\t\t\t<div class=\"sow-slider-image-wrapper\">\n\t\t\t\t\t\t\t<\/div>\n\t\t<\/div>\n\t\t\t\t<\/li>\n\t\t\t\t<li class=\"sow-slider-image  sow-slider-image-cover\" style=\"visibility: hidden;;background-color: #333333\" data-background=\"url(https:\/\/www.inertec.de\/wp-content\/uploads\/2022\/01\/inertec-slider-produkte-1.jpg)\" >\n\t\t\t\t\t<div class=\"sow-slider-image-container\">\n\t\t\t<div class=\"sow-slider-image-wrapper\">\n\t\t\t\t\t\t\t<\/div>\n\t\t<\/div>\n\t\t\t\t<\/li>\n\t\t\t\t<li class=\"sow-slider-image  sow-slider-image-cover\" style=\"visibility: hidden;;background-color: #333333\" data-background=\"url(https:\/\/www.inertec.de\/wp-content\/uploads\/2022\/01\/inertec-slider-produkte-2.jpg)\" >\n\t\t\t\t\t<div class=\"sow-slider-image-container\">\n\t\t\t<div class=\"sow-slider-image-wrapper\">\n\t\t\t\t\t\t\t<\/div>\n\t\t<\/div>\n\t\t\t\t<\/li>\n\t\t<\/ul>\t\t\t\t<ol class=\"sow-slider-pagination\">\n\t\t\t\t\t\t\t\t\t\t\t<li><a href=\"#\" data-goto=\"0\" aria-label=\"Display slide 1\"><\/a><\/li>\n\t\t\t\t\t\t\t\t\t\t\t<li><a href=\"#\" data-goto=\"1\" aria-label=\"Display slide 2\"><\/a><\/li>\n\t\t\t\t\t\t\t\t\t\t\t<li><a href=\"#\" data-goto=\"2\" aria-label=\"Display slide 3\"><\/a><\/li>\n\t\t\t\t\t\t\t\t\t<\/ol>\n\n\t\t\t\t<div class=\"sow-slide-nav sow-slide-nav-next\">\n\t\t\t\t\t<a href=\"#\" data-goto=\"next\" aria-label=\"Next slide\" data-action=\"next\">\n\t\t\t\t\t\t<em class=\"sow-sld-icon-thin-right\"><\/em>\n\t\t\t\t\t<\/a>\n\t\t\t\t<\/div>\n\n\t\t\t\t<div class=\"sow-slide-nav sow-slide-nav-prev\">\n\t\t\t\t\t<a href=\"#\" data-goto=\"previous\" aria-label=\"Previous slide\" data-action=\"prev\">\n\t\t\t\t\t\t<em class=\"sow-sld-icon-thin-left\"><\/em>\n\t\t\t\t\t<\/a>\n\t\t\t\t<\/div>\n\t\t\t\t<\/div><\/div><\/div>\n<\/div>\n\n\n\n<div style=\"height:50px\" aria-hidden=\"true\" class=\"wp-block-spacer\"><\/div>\n\n\n\n<h2 class=\"wp-block-heading\">Our innovative products<\/h2>\n\n\n\n<hr class=\"wp-block-separator has-text-color has-ast-global-color-0-color has-css-opacity has-ast-global-color-0-background-color has-background is-style-default\"\/>\n\n\n\n<div class=\"wp-block-columns is-layout-flex wp-container-core-columns-is-layout-9d6595d7 wp-block-columns-is-layout-flex\">\n<div class=\"wp-block-column is-layout-flow wp-block-column-is-layout-flow\">\n<div class=\"wp-block-group is-layout-flow wp-block-group-is-layout-flow\"><div class=\"wp-block-group__inner-container\">\n<h4 class=\"wp-block-heading\"><a href=\"https:\/\/www.inertec.de\/en\/cube-inline\/\">Cube Inline<sup>+<\/sup><\/a><\/h4>\n\n\n\n<p><strong>The modular Soldering System for highest efficiency<\/strong><\/p>\n\n\n\n<figure class=\"wp-block-image aligncenter size-full animated pop duration4 eds-on-hover\"><a href=\"https:\/\/www.inertec.de\/en\/cube-inline\/\"><img loading=\"lazy\" decoding=\"async\" width=\"800\" height=\"600\" src=\"https:\/\/www.inertec.de\/wp-content\/uploads\/2022\/01\/inertec-content-produkt-inline-plus.png\" alt=\"\" class=\"wp-image-1206\" srcset=\"https:\/\/www.inertec.de\/wp-content\/uploads\/2022\/01\/inertec-content-produkt-inline-plus.png 800w, https:\/\/www.inertec.de\/wp-content\/uploads\/2022\/01\/inertec-content-produkt-inline-plus-300x225.png 300w, https:\/\/www.inertec.de\/wp-content\/uploads\/2022\/01\/inertec-content-produkt-inline-plus-768x576.png 768w, https:\/\/www.inertec.de\/wp-content\/uploads\/2022\/01\/inertec-content-produkt-inline-plus-16x12.png 16w\" sizes=\"auto, (max-width: 800px) 100vw, 800px\" \/><\/a><\/figure>\n\n\n\n<p>The intelligent modular system, flexible for every kind of customer requirements. The best possible construction of all components of the system ensures a maintenance-friendly accessibility.<\/p>\n\n\n\n<div class=\"wp-block-buttons is-layout-flex wp-block-buttons-is-layout-flex\">\n<div class=\"wp-block-button\"><a class=\"wp-block-button__link wp-element-button\" href=\"https:\/\/www.inertec.de\/en\/cube-inline\/\" style=\"border-radius:10px\">Find out more...<\/a><\/div>\n<\/div>\n<\/div><\/div>\n<\/div>\n\n\n\n<div class=\"wp-block-column is-layout-flow wp-block-column-is-layout-flow\">\n<div class=\"wp-block-group is-layout-flow wp-block-group-is-layout-flow\"><div class=\"wp-block-group__inner-container\">\n<h4 class=\"wp-block-heading\"><a href=\"https:\/\/www.inertec.de\/en\/cube-460\/\">CUBE.460<\/a><\/h4>\n\n\n\n<p><strong>The system for automation in the manual soldering area<\/strong><\/p>\n\n\n\n<figure class=\"wp-block-image aligncenter size-full animated pop duration4 eds-on-hover\"><a href=\"https:\/\/www.inertec.de\/en\/cube-460\/\"><img loading=\"lazy\" decoding=\"async\" width=\"800\" height=\"600\" src=\"https:\/\/www.inertec.de\/wp-content\/uploads\/2021\/11\/inertec-content-produkt-cube-460.png\" alt=\"L\u00f6tsysteme\" class=\"wp-image-603\" srcset=\"https:\/\/www.inertec.de\/wp-content\/uploads\/2021\/11\/inertec-content-produkt-cube-460.png 800w, https:\/\/www.inertec.de\/wp-content\/uploads\/2021\/11\/inertec-content-produkt-cube-460-300x225.png 300w, https:\/\/www.inertec.de\/wp-content\/uploads\/2021\/11\/inertec-content-produkt-cube-460-768x576.png 768w\" sizes=\"auto, (max-width: 800px) 100vw, 800px\" \/><\/a><\/figure>\n\n\n\n<p>The new CUBE.460 entry-level soldering system is designed as a production cell for small and medium batch sizes. The simplified graphical programming gives you a quick entry into selective soldering technology.<\/p>\n\n\n\n<div class=\"wp-block-buttons is-layout-flex wp-block-buttons-is-layout-flex\">\n<div class=\"wp-block-button\"><a class=\"wp-block-button__link wp-element-button\" href=\"https:\/\/www.inertec.de\/en\/cube-460\/\" style=\"border-radius:10px\">Find out more...<\/a><\/div>\n<\/div>\n<\/div><\/div>\n<\/div>\n<\/div>\n\n\n\n<div style=\"height:50px\" aria-hidden=\"true\" class=\"wp-block-spacer\"><\/div>\n\n\n\n<div class=\"wp-block-group alignfull has-ast-global-color-4-background-color has-background is-layout-flow wp-block-group-is-layout-flow\"><div class=\"wp-block-group__inner-container\">\n<div class=\"wp-block-columns is-layout-flex wp-container-core-columns-is-layout-9d6595d7 wp-block-columns-is-layout-flex\">\n<div class=\"wp-block-column is-layout-flow wp-block-column-is-layout-flow\">\n<div class=\"wp-block-group is-layout-flow wp-block-group-is-layout-flow\"><div class=\"wp-block-group__inner-container\">\n<h4 class=\"wp-block-heading\"><a href=\"https:\/\/www.inertec.de\/en\/els-3-3-inline\/\">ELS 3.3 Inline<\/a><\/h4>\n\n\n\n<p><strong>Multi-axis soldering systems for flexible production with a high level of product mix<\/strong><\/p>\n\n\n\n<figure class=\"wp-block-image aligncenter size-full animated pop duration4 eds-on-hover\"><a href=\"https:\/\/www.inertec.de\/en\/els-3-3-inline\/\"><img loading=\"lazy\" decoding=\"async\" width=\"800\" height=\"600\" src=\"https:\/\/www.inertec.de\/wp-content\/uploads\/2021\/11\/inertec-content-produkt-els-33.png\" alt=\"L\u00f6tsysteme\" class=\"wp-image-605\" srcset=\"https:\/\/www.inertec.de\/wp-content\/uploads\/2021\/11\/inertec-content-produkt-els-33.png 800w, https:\/\/www.inertec.de\/wp-content\/uploads\/2021\/11\/inertec-content-produkt-els-33-300x225.png 300w, https:\/\/www.inertec.de\/wp-content\/uploads\/2021\/11\/inertec-content-produkt-els-33-768x576.png 768w\" sizes=\"auto, (max-width: 800px) 100vw, 800px\" \/><\/a><\/figure>\n\n\n\n<p>These soldering systems enable virtually all manual soldering applications to be automated. The soldering quality is on a par with that of forming gas mass soldering systems.<\/p>\n\n\n\n<div class=\"wp-block-buttons is-layout-flex wp-block-buttons-is-layout-flex\">\n<div class=\"wp-block-button\"><a class=\"wp-block-button__link wp-element-button\" href=\"https:\/\/www.inertec.de\/en\/els-3-3-inline\/\" style=\"border-radius:10px\">Find out more...<\/a><\/div>\n<\/div>\n<\/div><\/div>\n<\/div>\n<\/div>\n<\/div><\/div>\n\n\n\n<div style=\"height:50px\" aria-hidden=\"true\" class=\"wp-block-spacer\"><\/div>\n\n\n\n<div class=\"wp-block-columns is-layout-flex wp-container-core-columns-is-layout-9d6595d7 wp-block-columns-is-layout-flex\">\n<div class=\"wp-block-column is-layout-flow wp-block-column-is-layout-flow\">\n<div class=\"wp-block-group is-layout-flow wp-block-group-is-layout-flow\"><div class=\"wp-block-group__inner-container\">\n<h4 class=\"wp-block-heading\">Individual special solutions<\/h4>\n\n\n\n<p>We are a reliable partner when it comes to technical production challenges.<\/p>\n\n\n\n<p>INERTEC's specialities are design and realisation of customer-specific solutions.\nSo all the key elements as well as the independent competence within the company are offered and therefore ideally adapted to the individual customer project.<\/p>\n\n\n\n<p>The customer profits from combining all the components into one whole system, the supplied process and application know-how as well as the use of state-of-the-art technologies. INERTEC places a particular focus on the soldering process and its optimisation. The package ranges from the technical consultation and engineering through to the programming, commissioning and process supervision. An example of this is the design of a rotary table soldering system in which additional processes can be integrated. The company can also retrofit existing systems e.g. to adopt double-crucible technology.&nbsp;<\/p>\n\n\n\n<p>If the standard doesn\u00b4t quite work, we will also gladly compile an individual concept for you, even in the case of difficult framework conditions \u2013 just give us a call and we can discuss it. <\/p>\n\n\n\n<p><strong><a href=\"https:\/\/www.inertec.de\/en\/kontakt\/\">Contact us!<\/a><\/strong><\/p>\n<\/div><\/div>\n<\/div>\n\n\n\n<div class=\"wp-block-column is-layout-flow wp-block-column-is-layout-flow\">\n<div class=\"wp-block-group is-layout-flow wp-block-group-is-layout-flow\"><div class=\"wp-block-group__inner-container\">\n<figure class=\"wp-block-image size-full\"><img loading=\"lazy\" decoding=\"async\" width=\"800\" height=\"1007\" src=\"https:\/\/www.inertec.de\/wp-content\/uploads\/2021\/11\/inertec-content-sonderloesungen-1-1.jpg\" alt=\"Sonderl\u00f6sungen L\u00f6tsysteme\" class=\"wp-image-524\" srcset=\"https:\/\/www.inertec.de\/wp-content\/uploads\/2021\/11\/inertec-content-sonderloesungen-1-1.jpg 800w, https:\/\/www.inertec.de\/wp-content\/uploads\/2021\/11\/inertec-content-sonderloesungen-1-1-238x300.jpg 238w, https:\/\/www.inertec.de\/wp-content\/uploads\/2021\/11\/inertec-content-sonderloesungen-1-1-768x967.jpg 768w\" sizes=\"auto, (max-width: 800px) 100vw, 800px\" \/><\/figure>\n<\/div><\/div>\n<\/div>\n<\/div>\n\n\n\n<div style=\"height:10px\" aria-hidden=\"true\" class=\"wp-block-spacer\"><\/div>","protected":false},"excerpt":{"rendered":"<p>Unsere innovativen Produkte Cube Inline+ Das modulare L\u00f6tsystem f\u00fcr h\u00f6chste Produktivit\u00e4t Das intelligente Baukastensystem, flexibel f\u00fcr unterschiedlichste Kundenanforderungen. Der optimale Aufbau aller Komponenten der Anlage gew\u00e4hrleistet servicefreundliche Zug\u00e4nglichkeit. CUBE.460 Das System f\u00fcr die Automatisierung des Handl\u00f6tbereichs Das neue Einstiegs-L\u00f6tsystem CUBE.460 ist als Fertigungsinsel f\u00fcr kleine und mittlere Losgr\u00f6\u00dfen ausgelegt. Die vereinfachte graphische Programmierung erm\u00f6glicht einen &hellip;<\/p>\n<p class=\"read-more\"> <a class=\"\" href=\"https:\/\/www.inertec.de\/en\/produkte\/\"> <span class=\"screen-reader-text\">Products<\/span> Read More &raquo;<\/a><\/p>","protected":false},"author":1,"featured_media":0,"parent":0,"menu_order":0,"comment_status":"closed","ping_status":"closed","template":"","meta":{"_uag_custom_page_level_css":"","site-sidebar-layout":"no-sidebar","site-content-layout":"plain-container","ast-main-header-display":"","ast-hfb-above-header-display":"","ast-hfb-below-header-display":"","ast-hfb-mobile-header-display":"","site-post-title":"disabled","ast-breadcrumbs-content":"","ast-featured-img":"","footer-sml-layout":"","theme-transparent-header-meta":"default","adv-header-id-meta":"","stick-header-meta":"","header-above-stick-meta":"","header-main-stick-meta":"","header-below-stick-meta":"","footnotes":""},"folder":[7],"class_list":["post-508","page","type-page","status-publish","hentry"],"yoast_head":"<!-- This site is optimized with the Yoast SEO plugin v27.2 - https:\/\/yoast.com\/product\/yoast-seo-wordpress\/ -->\n<title>Produkte &#8211; INERTEC<\/title>\n<meta name=\"description\" content=\"Mit \u00fcber 1300 installierten L\u00f6tsystemen ist INERTEC eines der f\u00fchrenden Unternehmen in diesem Marktsegment.\" \/>\n<meta name=\"robots\" content=\"index, follow, max-snippet:-1, max-image-preview:large, max-video-preview:-1\" \/>\n<link rel=\"canonical\" href=\"https:\/\/www.inertec.de\/en\/produkte\/\" \/>\n<meta property=\"og:locale\" content=\"en_US\" \/>\n<meta property=\"og:type\" content=\"article\" \/>\n<meta property=\"og:title\" content=\"Produkte &#8211; INERTEC\" \/>\n<meta property=\"og:description\" content=\"Mit \u00fcber 1300 installierten L\u00f6tsystemen ist INERTEC eines der f\u00fchrenden Unternehmen in diesem Marktsegment.\" \/>\n<meta property=\"og:url\" content=\"https:\/\/www.inertec.de\/en\/produkte\/\" \/>\n<meta property=\"og:site_name\" content=\"INERTEC\" \/>\n<meta property=\"article:modified_time\" content=\"2023-11-24T21:25:15+00:00\" \/>\n<meta property=\"og:image\" content=\"https:\/\/www.inertec.de\/wp-content\/uploads\/2022\/01\/inertec-content-produkt-inline-plus.png\" \/>\n<meta name=\"twitter:card\" content=\"summary_large_image\" \/>\n<meta name=\"twitter:label1\" content=\"Est. reading time\" \/>\n\t<meta name=\"twitter:data1\" content=\"3 minutes\" \/>\n<script type=\"application\/ld+json\" class=\"yoast-schema-graph\">{\"@context\":\"https:\/\/schema.org\",\"@graph\":[{\"@type\":\"WebPage\",\"@id\":\"https:\/\/www.inertec.de\/en\/produkte\/\",\"url\":\"https:\/\/www.inertec.de\/en\/produkte\/\",\"name\":\"Produkte &#8211; INERTEC\",\"isPartOf\":{\"@id\":\"https:\/\/www.inertec.de\/#website\"},\"primaryImageOfPage\":{\"@id\":\"https:\/\/www.inertec.de\/en\/produkte\/#primaryimage\"},\"image\":{\"@id\":\"https:\/\/www.inertec.de\/en\/produkte\/#primaryimage\"},\"thumbnailUrl\":\"https:\/\/www.inertec.de\/wp-content\/uploads\/2022\/01\/inertec-content-produkt-inline-plus.png\",\"datePublished\":\"2021-11-02T12:38:31+00:00\",\"dateModified\":\"2023-11-24T21:25:15+00:00\",\"description\":\"Mit \u00fcber 1300 installierten L\u00f6tsystemen ist INERTEC eines der f\u00fchrenden Unternehmen in diesem Marktsegment.\",\"breadcrumb\":{\"@id\":\"https:\/\/www.inertec.de\/en\/produkte\/#breadcrumb\"},\"inLanguage\":\"en-US\",\"potentialAction\":[{\"@type\":\"ReadAction\",\"target\":[\"https:\/\/www.inertec.de\/en\/produkte\/\"]}]},{\"@type\":\"ImageObject\",\"inLanguage\":\"en-US\",\"@id\":\"https:\/\/www.inertec.de\/en\/produkte\/#primaryimage\",\"url\":\"https:\/\/www.inertec.de\/wp-content\/uploads\/2022\/01\/inertec-content-produkt-inline-plus.png\",\"contentUrl\":\"https:\/\/www.inertec.de\/wp-content\/uploads\/2022\/01\/inertec-content-produkt-inline-plus.png\"},{\"@type\":\"BreadcrumbList\",\"@id\":\"https:\/\/www.inertec.de\/en\/produkte\/#breadcrumb\",\"itemListElement\":[{\"@type\":\"ListItem\",\"position\":1,\"name\":\"Startseite\",\"item\":\"https:\/\/www.inertec.de\/\"},{\"@type\":\"ListItem\",\"position\":2,\"name\":\"Produkte\"}]},{\"@type\":\"WebSite\",\"@id\":\"https:\/\/www.inertec.de\/#website\",\"url\":\"https:\/\/www.inertec.de\/\",\"name\":\"INERTEC\",\"description\":\"Soldering Solutions\",\"publisher\":{\"@id\":\"https:\/\/www.inertec.de\/#organization\"},\"potentialAction\":[{\"@type\":\"SearchAction\",\"target\":{\"@type\":\"EntryPoint\",\"urlTemplate\":\"https:\/\/www.inertec.de\/?s={search_term_string}\"},\"query-input\":{\"@type\":\"PropertyValueSpecification\",\"valueRequired\":true,\"valueName\":\"search_term_string\"}}],\"inLanguage\":\"en-US\"},{\"@type\":\"Organization\",\"@id\":\"https:\/\/www.inertec.de\/#organization\",\"name\":\"INERTEC L\u00f6ttechnik GmbH\",\"url\":\"https:\/\/www.inertec.de\/\",\"logo\":{\"@type\":\"ImageObject\",\"inLanguage\":\"en-US\",\"@id\":\"https:\/\/www.inertec.de\/#\/schema\/logo\/image\/\",\"url\":\"https:\/\/inertec.de\/neu\/wp-content\/uploads\/2021\/10\/cropped-Inertec-Logo.png\",\"contentUrl\":\"https:\/\/inertec.de\/neu\/wp-content\/uploads\/2021\/10\/cropped-Inertec-Logo.png\",\"width\":976,\"height\":337,\"caption\":\"INERTEC L\u00f6ttechnik GmbH\"},\"image\":{\"@id\":\"https:\/\/www.inertec.de\/#\/schema\/logo\/image\/\"}}]}<\/script>\n<!-- \/ Yoast SEO plugin. -->","yoast_head_json":{"title":"Produkte &#8211; INERTEC","description":"Mit \u00fcber 1300 installierten L\u00f6tsystemen ist INERTEC eines der f\u00fchrenden Unternehmen in diesem Marktsegment.","robots":{"index":"index","follow":"follow","max-snippet":"max-snippet:-1","max-image-preview":"max-image-preview:large","max-video-preview":"max-video-preview:-1"},"canonical":"https:\/\/www.inertec.de\/en\/produkte\/","og_locale":"en_US","og_type":"article","og_title":"Produkte &#8211; INERTEC","og_description":"Mit \u00fcber 1300 installierten L\u00f6tsystemen ist INERTEC eines der f\u00fchrenden Unternehmen in diesem Marktsegment.","og_url":"https:\/\/www.inertec.de\/en\/produkte\/","og_site_name":"INERTEC","article_modified_time":"2023-11-24T21:25:15+00:00","og_image":[{"url":"https:\/\/www.inertec.de\/wp-content\/uploads\/2022\/01\/inertec-content-produkt-inline-plus.png","type":"","width":"","height":""}],"twitter_card":"summary_large_image","twitter_misc":{"Est. reading time":"3 minutes"},"schema":{"@context":"https:\/\/schema.org","@graph":[{"@type":"WebPage","@id":"https:\/\/www.inertec.de\/en\/produkte\/","url":"https:\/\/www.inertec.de\/en\/produkte\/","name":"Produkte &#8211; INERTEC","isPartOf":{"@id":"https:\/\/www.inertec.de\/#website"},"primaryImageOfPage":{"@id":"https:\/\/www.inertec.de\/en\/produkte\/#primaryimage"},"image":{"@id":"https:\/\/www.inertec.de\/en\/produkte\/#primaryimage"},"thumbnailUrl":"https:\/\/www.inertec.de\/wp-content\/uploads\/2022\/01\/inertec-content-produkt-inline-plus.png","datePublished":"2021-11-02T12:38:31+00:00","dateModified":"2023-11-24T21:25:15+00:00","description":"Mit \u00fcber 1300 installierten L\u00f6tsystemen ist INERTEC eines der f\u00fchrenden Unternehmen in diesem Marktsegment.","breadcrumb":{"@id":"https:\/\/www.inertec.de\/en\/produkte\/#breadcrumb"},"inLanguage":"en-US","potentialAction":[{"@type":"ReadAction","target":["https:\/\/www.inertec.de\/en\/produkte\/"]}]},{"@type":"ImageObject","inLanguage":"en-US","@id":"https:\/\/www.inertec.de\/en\/produkte\/#primaryimage","url":"https:\/\/www.inertec.de\/wp-content\/uploads\/2022\/01\/inertec-content-produkt-inline-plus.png","contentUrl":"https:\/\/www.inertec.de\/wp-content\/uploads\/2022\/01\/inertec-content-produkt-inline-plus.png"},{"@type":"BreadcrumbList","@id":"https:\/\/www.inertec.de\/en\/produkte\/#breadcrumb","itemListElement":[{"@type":"ListItem","position":1,"name":"Startseite","item":"https:\/\/www.inertec.de\/"},{"@type":"ListItem","position":2,"name":"Produkte"}]},{"@type":"WebSite","@id":"https:\/\/www.inertec.de\/#website","url":"https:\/\/www.inertec.de\/","name":"INERTEC","description":"Soldering Solutions","publisher":{"@id":"https:\/\/www.inertec.de\/#organization"},"potentialAction":[{"@type":"SearchAction","target":{"@type":"EntryPoint","urlTemplate":"https:\/\/www.inertec.de\/?s={search_term_string}"},"query-input":{"@type":"PropertyValueSpecification","valueRequired":true,"valueName":"search_term_string"}}],"inLanguage":"en-US"},{"@type":"Organization","@id":"https:\/\/www.inertec.de\/#organization","name":"INERTEC L\u00f6ttechnik GmbH","url":"https:\/\/www.inertec.de\/","logo":{"@type":"ImageObject","inLanguage":"en-US","@id":"https:\/\/www.inertec.de\/#\/schema\/logo\/image\/","url":"https:\/\/inertec.de\/neu\/wp-content\/uploads\/2021\/10\/cropped-Inertec-Logo.png","contentUrl":"https:\/\/inertec.de\/neu\/wp-content\/uploads\/2021\/10\/cropped-Inertec-Logo.png","width":976,"height":337,"caption":"INERTEC L\u00f6ttechnik GmbH"},"image":{"@id":"https:\/\/www.inertec.de\/#\/schema\/logo\/image\/"}}]}},"uagb_featured_image_src":{"full":false,"thumbnail":false,"medium":false,"medium_large":false,"large":false,"1536x1536":false,"2048x2048":false,"trp-custom-language-flag":false,"sow-carousel-default":false},"uagb_author_info":{"display_name":"itc_admin","author_link":"https:\/\/www.inertec.de\/en\/author\/itc_admin\/"},"uagb_comment_info":0,"uagb_excerpt":"Unsere innovativen Produkte Cube Inline+ Das modulare L\u00f6tsystem f\u00fcr h\u00f6chste Produktivit\u00e4t Das intelligente Baukastensystem, flexibel f\u00fcr unterschiedlichste Kundenanforderungen. Der optimale Aufbau aller Komponenten der Anlage gew\u00e4hrleistet servicefreundliche Zug\u00e4nglichkeit. CUBE.460 Das System f\u00fcr die Automatisierung des Handl\u00f6tbereichs Das neue Einstiegs-L\u00f6tsystem CUBE.460 ist als Fertigungsinsel f\u00fcr kleine und mittlere Losgr\u00f6\u00dfen ausgelegt. Die vereinfachte graphische Programmierung erm\u00f6glicht einen&hellip;","_links":{"self":[{"href":"https:\/\/www.inertec.de\/en\/wp-json\/wp\/v2\/pages\/508","targetHints":{"allow":["GET"]}}],"collection":[{"href":"https:\/\/www.inertec.de\/en\/wp-json\/wp\/v2\/pages"}],"about":[{"href":"https:\/\/www.inertec.de\/en\/wp-json\/wp\/v2\/types\/page"}],"author":[{"embeddable":true,"href":"https:\/\/www.inertec.de\/en\/wp-json\/wp\/v2\/users\/1"}],"replies":[{"embeddable":true,"href":"https:\/\/www.inertec.de\/en\/wp-json\/wp\/v2\/comments?post=508"}],"version-history":[{"count":43,"href":"https:\/\/www.inertec.de\/en\/wp-json\/wp\/v2\/pages\/508\/revisions"}],"predecessor-version":[{"id":1488,"href":"https:\/\/www.inertec.de\/en\/wp-json\/wp\/v2\/pages\/508\/revisions\/1488"}],"wp:attachment":[{"href":"https:\/\/www.inertec.de\/en\/wp-json\/wp\/v2\/media?parent=508"}],"wp:term":[{"taxonomy":"folder","embeddable":true,"href":"https:\/\/www.inertec.de\/en\/wp-json\/wp\/v2\/folder?post=508"}],"curies":[{"name":"wp","href":"https:\/\/api.w.org\/{rel}","templated":true}]}}