{"id":285,"date":"2021-10-15T08:04:50","date_gmt":"2021-10-15T06:04:50","guid":{"rendered":"https:\/\/www.inertec.de\/?page_id=285"},"modified":"2022-01-17T10:01:00","modified_gmt":"2022-01-17T09:01:00","slug":"ueber-uns","status":"publish","type":"page","link":"https:\/\/www.inertec.de\/en\/ueber-uns\/","title":{"rendered":"About us"},"content":{"rendered":"<div class=\"wp-block-columns alignfull is-layout-flex wp-container-core-columns-is-layout-9d6595d7 wp-block-columns-is-layout-flex\">\n<div class=\"wp-block-column is-layout-flow wp-block-column-is-layout-flow\" style=\"flex-basis:100%\"><div\n\t\t\t\n\t\t\tclass=\"so-widget-sow-layout-slider so-widget-sow-layout-slider-default-9142641ca1be\"\n\t\t\t\n\t\t>\t\t\t\t<div class=\"sow-slider-base\" style=\"display: none\" tabindex=\"0\">\n\t\t\t\t\t<ul\n\t\t\t\t\tclass=\"sow-slider-images\"\n\t\t\t\t\tdata-settings=\"{&quot;pagination&quot;:true,&quot;speed&quot;:800,&quot;timeout&quot;:8000,&quot;paused&quot;:false,&quot;pause_on_hover&quot;:false,&quot;swipe&quot;:true,&quot;nav_always_show_desktop&quot;:&quot;&quot;,&quot;nav_always_show_mobile&quot;:&quot;&quot;,&quot;breakpoint&quot;:&quot;780px&quot;,&quot;unmute&quot;:false,&quot;anchor&quot;:null}\"\n\t\t\t\t\tstyle=\"min-height: 400px\"\t\t\t\t\tdata-anchor-id=\"\"\n\t\t\t\t>\t\t<li class=\"sow-slider-image  sow-slider-image-cover\" style=\"visibility: visible;;background-color: #333333;background-image: url(https:\/\/www.inertec.de\/wp-content\/uploads\/2021\/11\/inertec-slider-firma-2.jpg)\" >\n\t\t\t\t\t<div class=\"sow-slider-image-container\">\n\t\t\t<div class=\"sow-slider-image-wrapper\">\n\t\t\t\t\t\t\t<\/div>\n\t\t<\/div>\n\t\t\t\t<\/li>\n\t\t\t\t<li class=\"sow-slider-image  sow-slider-image-cover\" style=\"visibility: hidden;;background-color: #333333\" data-background=\"url(https:\/\/www.inertec.de\/wp-content\/uploads\/2021\/10\/inertec-slider-schulung.jpg)\" >\n\t\t\t\t\t<div class=\"sow-slider-image-container\">\n\t\t\t<div class=\"sow-slider-image-wrapper\">\n\t\t\t\t\t\t\t<\/div>\n\t\t<\/div>\n\t\t\t\t<\/li>\n\t\t\t\t<li class=\"sow-slider-image  sow-slider-image-cover\" style=\"visibility: hidden;;background-color: #333333\" data-background=\"url(https:\/\/www.inertec.de\/wp-content\/uploads\/2021\/11\/inertec-slider-detail-1.jpg)\" >\n\t\t\t\t\t<div class=\"sow-slider-image-container\">\n\t\t\t<div class=\"sow-slider-image-wrapper\">\n\t\t\t\t\t\t\t<\/div>\n\t\t<\/div>\n\t\t\t\t<\/li>\n\t\t\t\t<li class=\"sow-slider-image  sow-slider-image-cover\" style=\"visibility: hidden;;background-color: #333333\" data-background=\"url(https:\/\/www.inertec.de\/wp-content\/uploads\/2021\/11\/inertec-slider-firma-1.jpg)\" >\n\t\t\t\t\t<div class=\"sow-slider-image-container\">\n\t\t\t<div class=\"sow-slider-image-wrapper\">\n\t\t\t\t\t\t\t<\/div>\n\t\t<\/div>\n\t\t\t\t<\/li>\n\t\t\t\t<li class=\"sow-slider-image  sow-slider-image-cover\" style=\"visibility: hidden;;background-color: #333333\" data-background=\"url(https:\/\/www.inertec.de\/wp-content\/uploads\/2021\/11\/inertec-slider-detail-2.jpg)\" >\n\t\t\t\t\t<div class=\"sow-slider-image-container\">\n\t\t\t<div class=\"sow-slider-image-wrapper\">\n\t\t\t\t\t\t\t<\/div>\n\t\t<\/div>\n\t\t\t\t<\/li>\n\t\t<\/ul>\t\t\t\t<ol class=\"sow-slider-pagination\">\n\t\t\t\t\t\t\t\t\t\t\t<li><a href=\"#\" data-goto=\"0\" aria-label=\"Display slide 1\"><\/a><\/li>\n\t\t\t\t\t\t\t\t\t\t\t<li><a href=\"#\" data-goto=\"1\" aria-label=\"Display slide 2\"><\/a><\/li>\n\t\t\t\t\t\t\t\t\t\t\t<li><a href=\"#\" data-goto=\"2\" aria-label=\"Display slide 3\"><\/a><\/li>\n\t\t\t\t\t\t\t\t\t\t\t<li><a href=\"#\" data-goto=\"3\" aria-label=\"Display slide 4\"><\/a><\/li>\n\t\t\t\t\t\t\t\t\t\t\t<li><a href=\"#\" data-goto=\"4\" aria-label=\"Display slide 5\"><\/a><\/li>\n\t\t\t\t\t\t\t\t\t<\/ol>\n\n\t\t\t\t<div class=\"sow-slide-nav sow-slide-nav-next\">\n\t\t\t\t\t<a href=\"#\" data-goto=\"next\" aria-label=\"Next slide\" data-action=\"next\">\n\t\t\t\t\t\t<em class=\"sow-sld-icon-thin-right\"><\/em>\n\t\t\t\t\t<\/a>\n\t\t\t\t<\/div>\n\n\t\t\t\t<div class=\"sow-slide-nav sow-slide-nav-prev\">\n\t\t\t\t\t<a href=\"#\" data-goto=\"previous\" aria-label=\"Previous slide\" data-action=\"prev\">\n\t\t\t\t\t\t<em class=\"sow-sld-icon-thin-left\"><\/em>\n\t\t\t\t\t<\/a>\n\t\t\t\t<\/div>\n\t\t\t\t<\/div><\/div><\/div>\n<\/div>\n\n\n\n<div style=\"height:50px\" aria-hidden=\"true\" class=\"wp-block-spacer\"><\/div>\n\n\n\n<h2 class=\"wp-block-heading\">Worldwide actively and with the native country roots<\/h2>\n\n\n\n<hr class=\"wp-block-separator has-text-color has-background has-ast-global-color-0-background-color has-ast-global-color-0-color is-style-default\"\/>\n\n\n\n<div class=\"wp-block-columns is-layout-flex wp-container-core-columns-is-layout-9d6595d7 wp-block-columns-is-layout-flex\">\n<div class=\"wp-block-column is-layout-flow wp-block-column-is-layout-flow\" style=\"flex-basis:50%\">\n<p>Despite its global commitment, INERTEC, with its company headquarters in Kreuzwertheim, has strong regional roots and profits from the favourable location conditions.\nFrom a quick start with small production islands right through to throughput-optimized production lines, INERTEC will find the right solution.<\/p>\n\n\n\n<p class=\"translation-block\">With over 1600 installed soldering systems, INERTEC is one of the leading companies in this market sector. Right from the start, the main focus was on the development and production of innovative soldering technologies. The corporate guiding principle was and still is today the company\u00b4s ability to react flexibly to the wishes and requirements of the user, and to continue to develop innovative <a href=\"https:\/\/inertec.de\/en\/produkte\/\" target=\"_self\">products<\/a>.<\/p>\n\n\n\n<figure class=\"wp-block-image size-full\"><img decoding=\"async\" src=\"https:\/\/www.inertec.de\/wp-content\/uploads\/2021\/10\/inertec-content-ueberuns-2.jpg\" alt=\"\" class=\"wp-image-315\"\/><\/figure>\n<\/div>\n\n\n\n<div class=\"wp-block-column is-layout-flow wp-block-column-is-layout-flow\" style=\"flex-basis:50%\">\n<figure class=\"wp-block-image size-full is-style-default\"><img loading=\"lazy\" decoding=\"async\" width=\"800\" height=\"400\" src=\"https:\/\/www.inertec.de\/wp-content\/uploads\/2021\/10\/inertec-content-ueberuns-1.jpg\" alt=\"\" class=\"wp-image-310\" srcset=\"https:\/\/www.inertec.de\/wp-content\/uploads\/2021\/10\/inertec-content-ueberuns-1.jpg 800w, https:\/\/www.inertec.de\/wp-content\/uploads\/2021\/10\/inertec-content-ueberuns-1-300x150.jpg 300w, https:\/\/www.inertec.de\/wp-content\/uploads\/2021\/10\/inertec-content-ueberuns-1-768x384.jpg 768w\" sizes=\"auto, (max-width: 800px) 100vw, 800px\" \/><\/figure>\n\n\n\n<p>The continuous development of these systems ensures utmost quality, productivity and investment security. Our objective is to offer the customer a solution that will offer them a return on their investment as quickly as possible. If the standard systems does not fit, we work with the customer to create bespoke solutions \u2013 from a turn table system up to the logistics connection.<\/p>\n\n\n\n<p>Our young team follows the aim of providing our customers with the most high-quality products, service and solutions at attractive prices, so as to achieve a long-term partnership with them.&nbsp;<br>Our services range from consultation and planning through to supply, assembly and a reliable on-site service.<\/p>\n<\/div>\n<\/div>\n\n\n\n<div class=\"wp-block-group alignfull has-ast-global-color-4-background-color has-background is-layout-constrained wp-block-group-is-layout-constrained\"><div class=\"wp-block-group__inner-container\">\n<div class=\"wp-block-columns alignfull are-vertically-aligned-top is-layout-flex wp-container-core-columns-is-layout-9d6595d7 wp-block-columns-is-layout-flex\">\n<div class=\"wp-block-column is-vertically-aligned-top is-layout-flow wp-block-column-is-layout-flow\">\n<h2 class=\"wp-block-heading\">Partner for innovative soldering systems<\/h2>\n\n\n\n<hr class=\"wp-block-separator has-text-color has-background has-ast-global-color-0-background-color has-ast-global-color-0-color is-style-default\"\/>\n\n\n\n<p>The design represents the interface between theory and practice. This is where new projects are brought to production maturity. The design team is supported with the use of state-of-the-art 3D CAD technology.<\/p>\n<\/div>\n<\/div>\n<\/div><\/div>\n\n\n\n<div style=\"height:40px\" aria-hidden=\"true\" class=\"wp-block-spacer\"><\/div>\n\n\n\n<h2 class=\"wp-block-heading\">Quality thanks to controlled production processes<\/h2>\n\n\n\n<hr class=\"wp-block-separator has-text-color has-background has-ast-global-color-0-background-color has-ast-global-color-0-color is-style-default\"\/>\n\n\n\n<div class=\"wp-block-columns is-layout-flex wp-container-core-columns-is-layout-9d6595d7 wp-block-columns-is-layout-flex\">\n<div class=\"wp-block-column is-layout-flow wp-block-column-is-layout-flow\">\n<h4 class=\"wp-block-heading\">Quality<\/h4>\n\n\n\n<figure class=\"wp-block-image size-full\"><img loading=\"lazy\" decoding=\"async\" width=\"800\" height=\"600\" src=\"https:\/\/www.inertec.de\/wp-content\/uploads\/2022\/01\/inertec-content-ueberuns-qualitaet.jpg\" alt=\"\" class=\"wp-image-1191\" srcset=\"https:\/\/www.inertec.de\/wp-content\/uploads\/2022\/01\/inertec-content-ueberuns-qualitaet.jpg 800w, https:\/\/www.inertec.de\/wp-content\/uploads\/2022\/01\/inertec-content-ueberuns-qualitaet-300x225.jpg 300w, https:\/\/www.inertec.de\/wp-content\/uploads\/2022\/01\/inertec-content-ueberuns-qualitaet-768x576.jpg 768w, https:\/\/www.inertec.de\/wp-content\/uploads\/2022\/01\/inertec-content-ueberuns-qualitaet-16x12.jpg 16w\" sizes=\"auto, (max-width: 800px) 100vw, 800px\" \/><\/figure>\n\n\n\n<p class=\"translation-block\">The satisfaction of our customers is our greatest objective. We demonstrate this with our state-of-the-art, innovative soldering machines, the quality of our products and our orientation to customer requirements.<\/p>\n\n\n\n<p>Our qualified service team installs the machines, trains your employees and helps you to introduce the process.<\/p>\n<\/div>\n\n\n\n<div class=\"wp-block-column is-layout-flow wp-block-column-is-layout-flow\">\n<h4 class=\"wp-block-heading\">Support<\/h4>\n\n\n\n<figure class=\"wp-block-image size-full\"><img loading=\"lazy\" decoding=\"async\" width=\"800\" height=\"600\" src=\"https:\/\/www.inertec.de\/wp-content\/uploads\/2021\/10\/inertec-content-ueberuns-support.jpg\" alt=\"\u00dcber uns Support\" class=\"wp-image-303\" srcset=\"https:\/\/www.inertec.de\/wp-content\/uploads\/2021\/10\/inertec-content-ueberuns-support.jpg 800w, https:\/\/www.inertec.de\/wp-content\/uploads\/2021\/10\/inertec-content-ueberuns-support-300x225.jpg 300w, https:\/\/www.inertec.de\/wp-content\/uploads\/2021\/10\/inertec-content-ueberuns-support-768x576.jpg 768w\" sizes=\"auto, (max-width: 800px) 100vw, 800px\" \/><\/figure>\n\n\n\n<p class=\"translation-block\">Online support is another standard that enables our technicians at INERTEC to gain access to the customer's system.<\/p>\n\n\n\n<p>It is often the case that questions can be answered in this manner, thus solving the problem without having to make a time-consuming on-site visit.<\/p>\n<\/div>\n\n\n\n<div class=\"wp-block-column is-layout-flow wp-block-column-is-layout-flow\">\n<h4 class=\"wp-block-heading\">Spare part supply<\/h4>\n\n\n\n<figure class=\"wp-block-image size-full\"><img loading=\"lazy\" decoding=\"async\" width=\"800\" height=\"600\" src=\"https:\/\/www.inertec.de\/wp-content\/uploads\/2021\/10\/inertec-content-ueberuns-ersatz.jpg\" alt=\"\u00dcber uns Ersatzteileversorgung\" class=\"wp-image-304\" srcset=\"https:\/\/www.inertec.de\/wp-content\/uploads\/2021\/10\/inertec-content-ueberuns-ersatz.jpg 800w, https:\/\/www.inertec.de\/wp-content\/uploads\/2021\/10\/inertec-content-ueberuns-ersatz-300x225.jpg 300w, https:\/\/www.inertec.de\/wp-content\/uploads\/2021\/10\/inertec-content-ueberuns-ersatz-768x576.jpg 768w\" sizes=\"auto, (max-width: 800px) 100vw, 800px\" \/><\/figure>\n\n\n\n<p class=\"translation-block\">The spare parts supply is carried out directly from Kreuzwertheim or from the warehouses of our individual service partners. Thanks to the consistent standardisation, many parts are also identical for different system types, therefore facilitating warehousing.<\/p>\n\n\n\n<p>We always aim to have spare parts sent out to customers within 24 hours, making sure they can get their system back up and running as quickly as possible.<\/p>\n<\/div>\n<\/div>\n\n\n\n<div style=\"height:10px\" aria-hidden=\"true\" class=\"wp-block-spacer\"><\/div>","protected":false},"excerpt":{"rendered":"<p>Weltweit aktiv und mit der Heimat verwurzelt Trotz globalen Engagements ist INERTEC mit Firmensitz in Kreuzwertheim regional stark verwurzelt und profitiert von den guten Standortbedingungen. Vom schnellen Einstieg mit kleiner Fertigungsinsel bis zur durchsatzoptimierten Fertigungslinie findet INERTEC die passenden Antworten. Mit \u00fcber 1600 installierten L\u00f6tsystemen ist INERTEC eines der f\u00fchrenden Unternehmen in diesem Marktsegment. Von &hellip;<\/p>\n<p class=\"read-more\"> <a class=\"\" href=\"https:\/\/www.inertec.de\/en\/ueber-uns\/\"> <span class=\"screen-reader-text\">About us<\/span> Read More &raquo;<\/a><\/p>","protected":false},"author":1,"featured_media":0,"parent":0,"menu_order":0,"comment_status":"closed","ping_status":"closed","template":"","meta":{"_uag_custom_page_level_css":"","site-sidebar-layout":"no-sidebar","site-content-layout":"plain-container","ast-main-header-display":"","ast-hfb-above-header-display":"","ast-hfb-below-header-display":"","ast-hfb-mobile-header-display":"","site-post-title":"disabled","ast-breadcrumbs-content":"","ast-featured-img":"","footer-sml-layout":"","theme-transparent-header-meta":"default","adv-header-id-meta":"","stick-header-meta":"","header-above-stick-meta":"","header-main-stick-meta":"","header-below-stick-meta":"","footnotes":""},"folder":[7],"class_list":["post-285","page","type-page","status-publish","hentry"],"yoast_head":"<!-- This site is optimized with the Yoast SEO plugin v27.2 - https:\/\/yoast.com\/product\/yoast-seo-wordpress\/ -->\n<title>\u00dcber uns &#8211; INERTEC<\/title>\n<meta name=\"description\" content=\"Trotz globalen Engagements ist INERTEC mit Firmensitz in Kreuzwertheim regional stark verwurzelt und profitiert von den guten Standortbedingungen.\" \/>\n<meta name=\"robots\" content=\"index, follow, max-snippet:-1, max-image-preview:large, max-video-preview:-1\" \/>\n<link rel=\"canonical\" href=\"https:\/\/www.inertec.de\/en\/ueber-uns\/\" \/>\n<meta property=\"og:locale\" content=\"en_US\" \/>\n<meta property=\"og:type\" content=\"article\" \/>\n<meta property=\"og:title\" content=\"\u00dcber uns &#8211; INERTEC\" \/>\n<meta property=\"og:description\" content=\"Trotz globalen Engagements ist INERTEC mit Firmensitz in Kreuzwertheim regional stark verwurzelt und profitiert von den guten Standortbedingungen.\" \/>\n<meta property=\"og:url\" content=\"https:\/\/www.inertec.de\/en\/ueber-uns\/\" \/>\n<meta property=\"og:site_name\" content=\"INERTEC\" \/>\n<meta property=\"article:modified_time\" content=\"2022-01-17T09:01:00+00:00\" \/>\n<meta property=\"og:image\" content=\"https:\/\/www.inertec.de\/wp-content\/uploads\/2021\/10\/inertec-content-ueberuns-2.jpg\" \/>\n<meta name=\"twitter:card\" content=\"summary_large_image\" \/>\n<meta name=\"twitter:label1\" content=\"Est. reading time\" \/>\n\t<meta name=\"twitter:data1\" content=\"4 minutes\" \/>\n<script type=\"application\/ld+json\" class=\"yoast-schema-graph\">{\"@context\":\"https:\/\/schema.org\",\"@graph\":[{\"@type\":\"WebPage\",\"@id\":\"https:\/\/www.inertec.de\/ueber-uns\/\",\"url\":\"https:\/\/www.inertec.de\/ueber-uns\/\",\"name\":\"\u00dcber uns &#8211; INERTEC\",\"isPartOf\":{\"@id\":\"https:\/\/www.inertec.de\/#website\"},\"primaryImageOfPage\":{\"@id\":\"https:\/\/www.inertec.de\/ueber-uns\/#primaryimage\"},\"image\":{\"@id\":\"https:\/\/www.inertec.de\/ueber-uns\/#primaryimage\"},\"thumbnailUrl\":\"https:\/\/www.inertec.de\/wp-content\/uploads\/2021\/10\/inertec-content-ueberuns-2.jpg\",\"datePublished\":\"2021-10-15T06:04:50+00:00\",\"dateModified\":\"2022-01-17T09:01:00+00:00\",\"description\":\"Trotz globalen Engagements ist INERTEC mit Firmensitz in Kreuzwertheim regional stark verwurzelt und profitiert von den guten Standortbedingungen.\",\"breadcrumb\":{\"@id\":\"https:\/\/www.inertec.de\/ueber-uns\/#breadcrumb\"},\"inLanguage\":\"en-US\",\"potentialAction\":[{\"@type\":\"ReadAction\",\"target\":[\"https:\/\/www.inertec.de\/ueber-uns\/\"]}]},{\"@type\":\"ImageObject\",\"inLanguage\":\"en-US\",\"@id\":\"https:\/\/www.inertec.de\/ueber-uns\/#primaryimage\",\"url\":\"https:\/\/www.inertec.de\/wp-content\/uploads\/2021\/10\/inertec-content-ueberuns-2.jpg\",\"contentUrl\":\"https:\/\/www.inertec.de\/wp-content\/uploads\/2021\/10\/inertec-content-ueberuns-2.jpg\"},{\"@type\":\"BreadcrumbList\",\"@id\":\"https:\/\/www.inertec.de\/ueber-uns\/#breadcrumb\",\"itemListElement\":[{\"@type\":\"ListItem\",\"position\":1,\"name\":\"Startseite\",\"item\":\"https:\/\/www.inertec.de\/\"},{\"@type\":\"ListItem\",\"position\":2,\"name\":\"\u00dcber uns\"}]},{\"@type\":\"WebSite\",\"@id\":\"https:\/\/www.inertec.de\/#website\",\"url\":\"https:\/\/www.inertec.de\/\",\"name\":\"INERTEC\",\"description\":\"Soldering Solutions\",\"publisher\":{\"@id\":\"https:\/\/www.inertec.de\/#organization\"},\"potentialAction\":[{\"@type\":\"SearchAction\",\"target\":{\"@type\":\"EntryPoint\",\"urlTemplate\":\"https:\/\/www.inertec.de\/?s={search_term_string}\"},\"query-input\":{\"@type\":\"PropertyValueSpecification\",\"valueRequired\":true,\"valueName\":\"search_term_string\"}}],\"inLanguage\":\"en-US\"},{\"@type\":\"Organization\",\"@id\":\"https:\/\/www.inertec.de\/#organization\",\"name\":\"INERTEC L\u00f6ttechnik GmbH\",\"url\":\"https:\/\/www.inertec.de\/\",\"logo\":{\"@type\":\"ImageObject\",\"inLanguage\":\"en-US\",\"@id\":\"https:\/\/www.inertec.de\/#\/schema\/logo\/image\/\",\"url\":\"https:\/\/inertec.de\/neu\/wp-content\/uploads\/2021\/10\/cropped-Inertec-Logo.png\",\"contentUrl\":\"https:\/\/inertec.de\/neu\/wp-content\/uploads\/2021\/10\/cropped-Inertec-Logo.png\",\"width\":976,\"height\":337,\"caption\":\"INERTEC L\u00f6ttechnik GmbH\"},\"image\":{\"@id\":\"https:\/\/www.inertec.de\/#\/schema\/logo\/image\/\"}}]}<\/script>\n<!-- \/ Yoast SEO plugin. -->","yoast_head_json":{"title":"\u00dcber uns &#8211; INERTEC","description":"Trotz globalen Engagements ist INERTEC mit Firmensitz in Kreuzwertheim regional stark verwurzelt und profitiert von den guten Standortbedingungen.","robots":{"index":"index","follow":"follow","max-snippet":"max-snippet:-1","max-image-preview":"max-image-preview:large","max-video-preview":"max-video-preview:-1"},"canonical":"https:\/\/www.inertec.de\/en\/ueber-uns\/","og_locale":"en_US","og_type":"article","og_title":"\u00dcber uns &#8211; INERTEC","og_description":"Trotz globalen Engagements ist INERTEC mit Firmensitz in Kreuzwertheim regional stark verwurzelt und profitiert von den guten Standortbedingungen.","og_url":"https:\/\/www.inertec.de\/en\/ueber-uns\/","og_site_name":"INERTEC","article_modified_time":"2022-01-17T09:01:00+00:00","og_image":[{"url":"https:\/\/www.inertec.de\/wp-content\/uploads\/2021\/10\/inertec-content-ueberuns-2.jpg","type":"","width":"","height":""}],"twitter_card":"summary_large_image","twitter_misc":{"Est. reading time":"4 minutes"},"schema":{"@context":"https:\/\/schema.org","@graph":[{"@type":"WebPage","@id":"https:\/\/www.inertec.de\/ueber-uns\/","url":"https:\/\/www.inertec.de\/ueber-uns\/","name":"\u00dcber uns &#8211; INERTEC","isPartOf":{"@id":"https:\/\/www.inertec.de\/#website"},"primaryImageOfPage":{"@id":"https:\/\/www.inertec.de\/ueber-uns\/#primaryimage"},"image":{"@id":"https:\/\/www.inertec.de\/ueber-uns\/#primaryimage"},"thumbnailUrl":"https:\/\/www.inertec.de\/wp-content\/uploads\/2021\/10\/inertec-content-ueberuns-2.jpg","datePublished":"2021-10-15T06:04:50+00:00","dateModified":"2022-01-17T09:01:00+00:00","description":"Trotz globalen Engagements ist INERTEC mit Firmensitz in Kreuzwertheim regional stark verwurzelt und profitiert von den guten Standortbedingungen.","breadcrumb":{"@id":"https:\/\/www.inertec.de\/ueber-uns\/#breadcrumb"},"inLanguage":"en-US","potentialAction":[{"@type":"ReadAction","target":["https:\/\/www.inertec.de\/ueber-uns\/"]}]},{"@type":"ImageObject","inLanguage":"en-US","@id":"https:\/\/www.inertec.de\/ueber-uns\/#primaryimage","url":"https:\/\/www.inertec.de\/wp-content\/uploads\/2021\/10\/inertec-content-ueberuns-2.jpg","contentUrl":"https:\/\/www.inertec.de\/wp-content\/uploads\/2021\/10\/inertec-content-ueberuns-2.jpg"},{"@type":"BreadcrumbList","@id":"https:\/\/www.inertec.de\/ueber-uns\/#breadcrumb","itemListElement":[{"@type":"ListItem","position":1,"name":"Startseite","item":"https:\/\/www.inertec.de\/"},{"@type":"ListItem","position":2,"name":"\u00dcber uns"}]},{"@type":"WebSite","@id":"https:\/\/www.inertec.de\/#website","url":"https:\/\/www.inertec.de\/","name":"INERTEC","description":"Soldering Solutions","publisher":{"@id":"https:\/\/www.inertec.de\/#organization"},"potentialAction":[{"@type":"SearchAction","target":{"@type":"EntryPoint","urlTemplate":"https:\/\/www.inertec.de\/?s={search_term_string}"},"query-input":{"@type":"PropertyValueSpecification","valueRequired":true,"valueName":"search_term_string"}}],"inLanguage":"en-US"},{"@type":"Organization","@id":"https:\/\/www.inertec.de\/#organization","name":"INERTEC L\u00f6ttechnik GmbH","url":"https:\/\/www.inertec.de\/","logo":{"@type":"ImageObject","inLanguage":"en-US","@id":"https:\/\/www.inertec.de\/#\/schema\/logo\/image\/","url":"https:\/\/inertec.de\/neu\/wp-content\/uploads\/2021\/10\/cropped-Inertec-Logo.png","contentUrl":"https:\/\/inertec.de\/neu\/wp-content\/uploads\/2021\/10\/cropped-Inertec-Logo.png","width":976,"height":337,"caption":"INERTEC L\u00f6ttechnik GmbH"},"image":{"@id":"https:\/\/www.inertec.de\/#\/schema\/logo\/image\/"}}]}},"uagb_featured_image_src":{"full":false,"thumbnail":false,"medium":false,"medium_large":false,"large":false,"1536x1536":false,"2048x2048":false,"trp-custom-language-flag":false,"sow-carousel-default":false},"uagb_author_info":{"display_name":"itc_admin","author_link":"https:\/\/www.inertec.de\/en\/author\/itc_admin\/"},"uagb_comment_info":0,"uagb_excerpt":"Weltweit aktiv und mit der Heimat verwurzelt Trotz globalen Engagements ist INERTEC mit Firmensitz in Kreuzwertheim regional stark verwurzelt und profitiert von den guten Standortbedingungen. Vom schnellen Einstieg mit kleiner Fertigungsinsel bis zur durchsatzoptimierten Fertigungslinie findet INERTEC die passenden Antworten. Mit \u00fcber 1600 installierten L\u00f6tsystemen ist INERTEC eines der f\u00fchrenden Unternehmen in diesem Marktsegment. Von&hellip;","_links":{"self":[{"href":"https:\/\/www.inertec.de\/en\/wp-json\/wp\/v2\/pages\/285","targetHints":{"allow":["GET"]}}],"collection":[{"href":"https:\/\/www.inertec.de\/en\/wp-json\/wp\/v2\/pages"}],"about":[{"href":"https:\/\/www.inertec.de\/en\/wp-json\/wp\/v2\/types\/page"}],"author":[{"embeddable":true,"href":"https:\/\/www.inertec.de\/en\/wp-json\/wp\/v2\/users\/1"}],"replies":[{"embeddable":true,"href":"https:\/\/www.inertec.de\/en\/wp-json\/wp\/v2\/comments?post=285"}],"version-history":[{"count":32,"href":"https:\/\/www.inertec.de\/en\/wp-json\/wp\/v2\/pages\/285\/revisions"}],"predecessor-version":[{"id":1487,"href":"https:\/\/www.inertec.de\/en\/wp-json\/wp\/v2\/pages\/285\/revisions\/1487"}],"wp:attachment":[{"href":"https:\/\/www.inertec.de\/en\/wp-json\/wp\/v2\/media?parent=285"}],"wp:term":[{"taxonomy":"folder","embeddable":true,"href":"https:\/\/www.inertec.de\/en\/wp-json\/wp\/v2\/folder?post=285"}],"curies":[{"name":"wp","href":"https:\/\/api.w.org\/{rel}","templated":true}]}}