{"id":139,"date":"2021-10-14T14:25:30","date_gmt":"2021-10-14T12:25:30","guid":{"rendered":"https:\/\/www.inertec.de\/?page_id=139"},"modified":"2023-10-19T15:38:47","modified_gmt":"2023-10-19T13:38:47","slug":"cube-460","status":"publish","type":"page","link":"https:\/\/www.inertec.de\/en\/cube-460\/","title":{"rendered":"Cube.460"},"content":{"rendered":"<div class=\"wp-block-columns alignfull is-layout-flex wp-container-core-columns-is-layout-9d6595d7 wp-block-columns-is-layout-flex\">\n<div class=\"wp-block-column is-layout-flow wp-block-column-is-layout-flow\" style=\"flex-basis:100%\"><div\n\t\t\t\n\t\t\tclass=\"so-widget-sow-layout-slider so-widget-sow-layout-slider-default-9142641ca1be\"\n\t\t\t\n\t\t>\t\t\t\t<div class=\"sow-slider-base\" style=\"display: none\" tabindex=\"0\">\n\t\t\t\t\t<ul\n\t\t\t\t\tclass=\"sow-slider-images\"\n\t\t\t\t\tdata-settings=\"{&quot;pagination&quot;:true,&quot;speed&quot;:800,&quot;timeout&quot;:8000,&quot;paused&quot;:false,&quot;pause_on_hover&quot;:false,&quot;swipe&quot;:true,&quot;nav_always_show_desktop&quot;:&quot;&quot;,&quot;nav_always_show_mobile&quot;:&quot;&quot;,&quot;breakpoint&quot;:&quot;780px&quot;,&quot;unmute&quot;:false,&quot;anchor&quot;:null}\"\n\t\t\t\t\tstyle=\"min-height: 400px\"\t\t\t\t\tdata-anchor-id=\"\"\n\t\t\t\t>\t\t<li class=\"sow-slider-image  sow-slider-image-cover\" style=\"visibility: visible;;background-color: #333333;background-image: url(https:\/\/www.inertec.de\/wp-content\/uploads\/2022\/01\/inertec-slider-produkte-3.jpg)\" >\n\t\t\t\t\t<div class=\"sow-slider-image-container\">\n\t\t\t<div class=\"sow-slider-image-wrapper\">\n\t\t\t\t\t\t\t<\/div>\n\t\t<\/div>\n\t\t\t\t<\/li>\n\t\t\t\t<li class=\"sow-slider-image  sow-slider-image-cover\" style=\"visibility: hidden;;background-color: #333333\" data-background=\"url(https:\/\/www.inertec.de\/wp-content\/uploads\/2022\/01\/inertec-slider-produkte-1.jpg)\" >\n\t\t\t\t\t<div class=\"sow-slider-image-container\">\n\t\t\t<div class=\"sow-slider-image-wrapper\">\n\t\t\t\t\t\t\t<\/div>\n\t\t<\/div>\n\t\t\t\t<\/li>\n\t\t\t\t<li class=\"sow-slider-image  sow-slider-image-cover\" style=\"visibility: hidden;;background-color: #333333\" data-background=\"url(https:\/\/www.inertec.de\/wp-content\/uploads\/2022\/01\/inertec-slider-produkte-2.jpg)\" >\n\t\t\t\t\t<div class=\"sow-slider-image-container\">\n\t\t\t<div class=\"sow-slider-image-wrapper\">\n\t\t\t\t\t\t\t<\/div>\n\t\t<\/div>\n\t\t\t\t<\/li>\n\t\t<\/ul>\t\t\t\t<ol class=\"sow-slider-pagination\">\n\t\t\t\t\t\t\t\t\t\t\t<li><a href=\"#\" data-goto=\"0\" aria-label=\"Display slide 1\"><\/a><\/li>\n\t\t\t\t\t\t\t\t\t\t\t<li><a href=\"#\" data-goto=\"1\" aria-label=\"Display slide 2\"><\/a><\/li>\n\t\t\t\t\t\t\t\t\t\t\t<li><a href=\"#\" data-goto=\"2\" aria-label=\"Display slide 3\"><\/a><\/li>\n\t\t\t\t\t\t\t\t\t<\/ol>\n\n\t\t\t\t<div class=\"sow-slide-nav sow-slide-nav-next\">\n\t\t\t\t\t<a href=\"#\" data-goto=\"next\" aria-label=\"Next slide\" data-action=\"next\">\n\t\t\t\t\t\t<em class=\"sow-sld-icon-thin-right\"><\/em>\n\t\t\t\t\t<\/a>\n\t\t\t\t<\/div>\n\n\t\t\t\t<div class=\"sow-slide-nav sow-slide-nav-prev\">\n\t\t\t\t\t<a href=\"#\" data-goto=\"previous\" aria-label=\"Previous slide\" data-action=\"prev\">\n\t\t\t\t\t\t<em class=\"sow-sld-icon-thin-left\"><\/em>\n\t\t\t\t\t<\/a>\n\t\t\t\t<\/div>\n\t\t\t\t<\/div><\/div><\/div>\n<\/div>\n\n\n\n<div style=\"height:50px\" aria-hidden=\"true\" class=\"wp-block-spacer\"><\/div>\n\n\n\n<h2 class=\"wp-block-heading\">Cube.460 \u2013 The system for automation in\nthe manual soldering area<\/h2>\n\n\n\n<hr class=\"wp-block-separator has-text-color has-ast-global-color-0-color has-css-opacity has-ast-global-color-0-background-color has-background is-style-default\"\/>\n\n\n\n<p><strong>The Cube.460 is a modular system \u2013 from basic equipment to a complete soldering cell including an AOI system.<\/strong><\/p>\n\n\n\n<figure class=\"wp-block-image aligncenter size-large\"><img loading=\"lazy\" decoding=\"async\" width=\"1024\" height=\"512\" src=\"https:\/\/www.inertec.de\/wp-content\/uploads\/2021\/11\/inertec-content-produkt-cube-460-titel-1-1024x512.png\" alt=\"\" class=\"wp-image-703\" srcset=\"https:\/\/www.inertec.de\/wp-content\/uploads\/2021\/11\/inertec-content-produkt-cube-460-titel-1-1024x512.png 1024w, https:\/\/www.inertec.de\/wp-content\/uploads\/2021\/11\/inertec-content-produkt-cube-460-titel-1-300x150.png 300w, https:\/\/www.inertec.de\/wp-content\/uploads\/2021\/11\/inertec-content-produkt-cube-460-titel-1-768x384.png 768w, https:\/\/www.inertec.de\/wp-content\/uploads\/2021\/11\/inertec-content-produkt-cube-460-titel-1-1536x768.png 1536w, https:\/\/www.inertec.de\/wp-content\/uploads\/2021\/11\/inertec-content-produkt-cube-460-titel-1.png 1600w\" sizes=\"auto, (max-width: 1024px) 100vw, 1024px\" \/><\/figure>\n\n\n\n<div style=\"height:50px\" aria-hidden=\"true\" class=\"wp-block-spacer\"><\/div>\n\n\n\n<div class=\"wp-block-group alignfull has-ast-global-color-4-background-color has-background is-layout-constrained wp-block-group-is-layout-constrained\"><div class=\"wp-block-group__inner-container\">\n<div class=\"wp-block-columns alignfull are-vertically-aligned-top is-layout-flex wp-container-core-columns-is-layout-9d6595d7 wp-block-columns-is-layout-flex\">\n<div class=\"wp-block-column is-vertically-aligned-top is-layout-flow wp-block-column-is-layout-flow\" style=\"flex-basis:50%\">\n<p>The new CUBE.460 entry-level soldering system is designed as a production cell for small and medium batch sizes. With the loading shuttle, it is possible to perform THT assembly directly on the machine, at the same time as significantly improving quality when compared to manual soldering. <\/p>\n\n\n\n<p>The simplified graphical programming gives you a quick entry into selective soldering technology. Benefit from the professional functions and proven technology available in the larger systems, such as process monitoring or bus-capable DC servomotors.<\/p>\n\n\n\n<figure class=\"wp-block-image aligncenter size-full\"><img decoding=\"async\" src=\"https:\/\/www.inertec.de\/wp-content\/uploads\/2021\/11\/inertec-content-produkt-cube-460-1.jpg\" alt=\"\" class=\"wp-image-681\"\/><\/figure>\n<\/div>\n\n\n\n<div class=\"wp-block-column is-vertically-aligned-top is-layout-flow wp-block-column-is-layout-flow\" style=\"flex-basis:50%\">\n<figure class=\"wp-block-image aligncenter size-full\"><img decoding=\"async\" src=\"https:\/\/www.inertec.de\/wp-content\/uploads\/2021\/11\/inertec-content-produkt-cube-460-2.jpg\" alt=\"\" class=\"wp-image-682\"\/><\/figure>\n\n\n\n<div style=\"height:30px\" aria-hidden=\"true\" class=\"wp-block-spacer\"><\/div>\n\n\n\n<p>Circuit boards or components up to 460 x 460 mm, with or without lead content, are processed with quick-change, flexible soldering nozzles. In the design, particular attention has been paid to simple setup and maintenance, through good accessibility.<\/p>\n\n\n\n<p>The capability of setting the soldering angle to 0\u00b0 and 7\u00b0 with program control makes it possible to use various soldering nozzles under optimum conditions for each one. This means difficult layouts can often be achieved, with ultra-narrow clearances.<\/p>\n<\/div>\n<\/div>\n<\/div><\/div>\n\n\n\n<div class=\"wp-block-group alignfull is-layout-constrained wp-block-group-is-layout-constrained\"><div class=\"wp-block-group__inner-container\">\n<div class=\"wp-block-columns alignfull are-vertically-aligned-top is-layout-flex wp-container-core-columns-is-layout-9d6595d7 wp-block-columns-is-layout-flex\">\n<div class=\"wp-block-column is-vertically-aligned-top is-layout-flow wp-block-column-is-layout-flow\" style=\"flex-basis:50%\">\n<p><meta charset=\"utf-8\">The CUBE.460 is excellently suited to using various solders when our set-up carriage is employed. Increase your throughput and flexibility by a second soldering module with program-controlled stroke. An electrodynamic pump is available as an alternative to the standard soldering pump.<\/p>\n\n\n\n<figure class=\"wp-block-image aligncenter size-full\"><img decoding=\"async\" src=\"https:\/\/www.inertec.de\/wp-content\/uploads\/2021\/11\/inertec-content-produkt-cube-460-3.jpg\" alt=\"\" class=\"wp-image-683\"\/><\/figure>\n<\/div>\n\n\n\n<div class=\"wp-block-column is-vertically-aligned-top is-layout-flow wp-block-column-is-layout-flow\" style=\"flex-basis:50%\">\n<p><meta charset=\"utf-8\"><meta charset=\"utf-8\">The standard microdrop fluxer achieves a precise application pattern for fluxing with very few residues. High-performance quartz pre-heating guarantees efficient pre-heating and low energy consumption. The process observation camera helps you to optimize the process.<\/p>\n\n\n\n<figure class=\"wp-block-image aligncenter size-full\"><img decoding=\"async\" src=\"https:\/\/www.inertec.de\/wp-content\/uploads\/2021\/11\/inertec-content-produkt-cube-460-4.jpg\" alt=\"\" class=\"wp-image-684\"\/><\/figure>\n<\/div>\n<\/div>\n<\/div><\/div>\n\n\n\n<div class=\"wp-block-group alignfull has-ast-global-color-4-background-color has-background is-layout-constrained wp-block-group-is-layout-constrained\"><div class=\"wp-block-group__inner-container\">\n<div class=\"wp-block-columns alignfull are-vertically-aligned-top is-layout-flex wp-container-core-columns-is-layout-9d6595d7 wp-block-columns-is-layout-flex\">\n<div class=\"wp-block-column is-vertically-aligned-top is-layout-flow wp-block-column-is-layout-flow\" style=\"flex-basis:50%\">\n<h2 class=\"wp-block-heading\">CUBE.460 Software<\/h2>\n\n\n\n<hr class=\"wp-block-separator has-text-color has-ast-global-color-0-color has-css-opacity has-ast-global-color-0-background-color has-background is-style-default\"\/>\n\n\n\n<p>INERTEC has worked on the software GUI (Graphical User Interface) specifically for simplified operation.<\/p>\n\n\n\n<p>The control system for the CUBE is based on the systems from the ELS 3.3 and EMLS product lines which have proven themselves over many years. Programming can be carried out without having to dispense with the convenience of offline software.<\/p>\n\n\n\n<p>The software has been expanded to include a warpage correction module. This makes it \npossible to compensate for circuit board warpage by correcting the z-axis.<\/p>\n\n\n\n<p>During the programming, the circuit board warpage is visualized at every point and transferred into the program. The optional Fiducial sensor is correcting the positioning during the solder process .<\/p>\n\n\n\n<p>Also the RT-Console control program now impresses with additional modules. The statistical module records the circuit boards that are produced. The production figures can be called up subsequently (according to DMX code or program name).<\/p>\n\n\n\n<p>A line plotter function makes it possible to log the analog measurement values (such as solder temperature, nitrogen temperature) on a 24\/7 basis. Barcode integration, automatically time functions, integrated maintenance reminders as well as online access are standard functions and included in the software.<\/p>\n<\/div>\n\n\n\n<div class=\"wp-block-column is-vertically-aligned-top is-layout-flow wp-block-column-is-layout-flow\" style=\"flex-basis:50%\">\n<figure class=\"wp-block-image aligncenter size-large\"><img loading=\"lazy\" decoding=\"async\" width=\"791\" height=\"1024\" src=\"https:\/\/www.inertec.de\/wp-content\/uploads\/2021\/11\/inertec-content-produkt-cube-460-software-1-791x1024.png\" alt=\"\" class=\"wp-image-696\" srcset=\"https:\/\/www.inertec.de\/wp-content\/uploads\/2021\/11\/inertec-content-produkt-cube-460-software-1-791x1024.png 791w, https:\/\/www.inertec.de\/wp-content\/uploads\/2021\/11\/inertec-content-produkt-cube-460-software-1-232x300.png 232w, https:\/\/www.inertec.de\/wp-content\/uploads\/2021\/11\/inertec-content-produkt-cube-460-software-1-768x995.png 768w, https:\/\/www.inertec.de\/wp-content\/uploads\/2021\/11\/inertec-content-produkt-cube-460-software-1.png 800w\" sizes=\"auto, (max-width: 791px) 100vw, 791px\" \/><\/figure>\n<\/div>\n<\/div>\n<\/div><\/div>\n\n\n\n<div style=\"height:50px\" aria-hidden=\"true\" class=\"wp-block-spacer\"><\/div>\n\n\n\n<h2 class=\"wp-block-heading\">Technical Configurations<\/h2>\n\n\n\n<hr class=\"wp-block-separator has-text-color has-ast-global-color-0-color has-css-opacity has-ast-global-color-0-background-color has-background is-style-default\"\/>\n\n\n\n<div class=\"wp-block-columns is-layout-flex wp-container-core-columns-is-layout-9d6595d7 wp-block-columns-is-layout-flex\">\n<div class=\"wp-block-column is-layout-flow wp-block-column-is-layout-flow\" style=\"flex-basis:50%\">\n<p>Simply download our brochure on the Cube.460 here.<\/p>\n<\/div>\n\n\n\n<div class=\"wp-block-column is-layout-flow wp-block-column-is-layout-flow\" style=\"flex-basis:50%\">\n<div class=\"wp-block-buttons is-horizontal is-content-justification-center is-layout-flex wp-container-core-buttons-is-layout-499968f5 wp-block-buttons-is-layout-flex\">\n<div class=\"wp-block-button\"><a class=\"wp-block-button__link wp-element-button\" href=\"https:\/\/www.inertec.de\/wp-content\/uploads\/2022\/01\/Inertec_Cube-460_DE.pdf\" target=\"_blank\" rel=\"noreferrer noopener\">Download (DE)<\/a><\/div>\n\n\n\n<div class=\"wp-block-button\"><a class=\"wp-block-button__link wp-element-button\" href=\"https:\/\/www.inertec.de\/wp-content\/uploads\/2022\/01\/Inertec_Cube-460_EN.pdf\" target=\"_blank\" rel=\"noreferrer noopener\">Download (ENG)<\/a><\/div>\n<\/div>\n<\/div>\n<\/div>\n\n\n\n<div style=\"height:10px\" aria-hidden=\"true\" class=\"wp-block-spacer\"><\/div>\n\n\n\n<p><\/p>","protected":false},"excerpt":{"rendered":"<p>Cube.460 \u2013 Das System fu\u0308r die Automatisierung des Handl\u00f6tbereichs Die Cube.460 ist eine modular aufgebaute Anlage \u2013 von der Basisausstattung bis hin zur kompletten L\u00f6tzelle inkl. eines AOI Systems. Das neue Einstiegs-L\u00f6tsystem CUBE.460 ist als Fertigungsinsel fu\u0308r kleine und mittlere Losgr\u00f6\u00dfen ausgelegt. Mit dem Beladeshuttle k\u00f6nnen Sie direkt an der Maschine THT bestu\u0308cken und gleichzeitig &hellip;<\/p>\n<p class=\"read-more\"> <a class=\"\" href=\"https:\/\/www.inertec.de\/en\/cube-460\/\"> <span class=\"screen-reader-text\">Cube.460<\/span> Read More &raquo;<\/a><\/p>","protected":false},"author":1,"featured_media":0,"parent":0,"menu_order":0,"comment_status":"closed","ping_status":"closed","template":"","meta":{"_uag_custom_page_level_css":"","site-sidebar-layout":"no-sidebar","site-content-layout":"plain-container","ast-main-header-display":"","ast-hfb-above-header-display":"","ast-hfb-below-header-display":"","ast-hfb-mobile-header-display":"","site-post-title":"disabled","ast-breadcrumbs-content":"","ast-featured-img":"","footer-sml-layout":"","theme-transparent-header-meta":"default","adv-header-id-meta":"","stick-header-meta":"","header-above-stick-meta":"","header-main-stick-meta":"","header-below-stick-meta":"","footnotes":""},"folder":[6],"class_list":["post-139","page","type-page","status-publish","hentry"],"yoast_head":"<!-- This site is optimized with the Yoast SEO plugin v27.4 - https:\/\/yoast.com\/product\/yoast-seo-wordpress\/ -->\n<title>Cube.460 &#8211; INERTEC<\/title>\n<meta name=\"description\" content=\"Die Cube.460 \u2013 das intelligente und modular aufgebaute Baukastensystem, flexibel f\u00fcr unterschiedlichste Kundenanforderungen.\" \/>\n<meta name=\"robots\" content=\"index, follow, max-snippet:-1, max-image-preview:large, max-video-preview:-1\" \/>\n<link rel=\"canonical\" href=\"https:\/\/www.inertec.de\/en\/cube-460\/\" \/>\n<meta property=\"og:locale\" content=\"en_US\" \/>\n<meta property=\"og:type\" content=\"article\" \/>\n<meta property=\"og:title\" content=\"Cube.460 &#8211; INERTEC\" \/>\n<meta property=\"og:description\" content=\"Die Cube.460 \u2013 das intelligente und modular aufgebaute Baukastensystem, flexibel f\u00fcr unterschiedlichste Kundenanforderungen.\" \/>\n<meta property=\"og:url\" content=\"https:\/\/www.inertec.de\/en\/cube-460\/\" \/>\n<meta property=\"og:site_name\" content=\"INERTEC\" \/>\n<meta property=\"article:modified_time\" content=\"2023-10-19T13:38:47+00:00\" \/>\n<meta property=\"og:image\" content=\"https:\/\/www.inertec.de\/wp-content\/uploads\/2021\/11\/inertec-content-produkt-cube-460-titel-1-1024x512.png\" \/>\n<meta name=\"twitter:card\" content=\"summary_large_image\" \/>\n<meta name=\"twitter:label1\" content=\"Est. reading time\" \/>\n\t<meta name=\"twitter:data1\" content=\"4 minutes\" \/>\n<script type=\"application\/ld+json\" class=\"yoast-schema-graph\">{\"@context\":\"https:\\\/\\\/schema.org\",\"@graph\":[{\"@type\":\"WebPage\",\"@id\":\"https:\\\/\\\/www.inertec.de\\\/cube-460\\\/\",\"url\":\"https:\\\/\\\/www.inertec.de\\\/cube-460\\\/\",\"name\":\"Cube.460 &#8211; INERTEC\",\"isPartOf\":{\"@id\":\"https:\\\/\\\/www.inertec.de\\\/#website\"},\"primaryImageOfPage\":{\"@id\":\"https:\\\/\\\/www.inertec.de\\\/cube-460\\\/#primaryimage\"},\"image\":{\"@id\":\"https:\\\/\\\/www.inertec.de\\\/cube-460\\\/#primaryimage\"},\"thumbnailUrl\":\"https:\\\/\\\/www.inertec.de\\\/wp-content\\\/uploads\\\/2021\\\/11\\\/inertec-content-produkt-cube-460-titel-1-1024x512.png\",\"datePublished\":\"2021-10-14T12:25:30+00:00\",\"dateModified\":\"2023-10-19T13:38:47+00:00\",\"description\":\"Die Cube.460 \u2013 das intelligente und modular aufgebaute Baukastensystem, flexibel f\u00fcr unterschiedlichste Kundenanforderungen.\",\"breadcrumb\":{\"@id\":\"https:\\\/\\\/www.inertec.de\\\/cube-460\\\/#breadcrumb\"},\"inLanguage\":\"en-US\",\"potentialAction\":[{\"@type\":\"ReadAction\",\"target\":[\"https:\\\/\\\/www.inertec.de\\\/cube-460\\\/\"]}]},{\"@type\":\"ImageObject\",\"inLanguage\":\"en-US\",\"@id\":\"https:\\\/\\\/www.inertec.de\\\/cube-460\\\/#primaryimage\",\"url\":\"https:\\\/\\\/www.inertec.de\\\/wp-content\\\/uploads\\\/2021\\\/11\\\/inertec-content-produkt-cube-460-titel-1-1024x512.png\",\"contentUrl\":\"https:\\\/\\\/www.inertec.de\\\/wp-content\\\/uploads\\\/2021\\\/11\\\/inertec-content-produkt-cube-460-titel-1-1024x512.png\"},{\"@type\":\"BreadcrumbList\",\"@id\":\"https:\\\/\\\/www.inertec.de\\\/cube-460\\\/#breadcrumb\",\"itemListElement\":[{\"@type\":\"ListItem\",\"position\":1,\"name\":\"Startseite\",\"item\":\"https:\\\/\\\/www.inertec.de\\\/\"},{\"@type\":\"ListItem\",\"position\":2,\"name\":\"Cube.460\"}]},{\"@type\":\"WebSite\",\"@id\":\"https:\\\/\\\/www.inertec.de\\\/#website\",\"url\":\"https:\\\/\\\/www.inertec.de\\\/\",\"name\":\"INERTEC\",\"description\":\"Soldering Solutions\",\"publisher\":{\"@id\":\"https:\\\/\\\/www.inertec.de\\\/#organization\"},\"potentialAction\":[{\"@type\":\"SearchAction\",\"target\":{\"@type\":\"EntryPoint\",\"urlTemplate\":\"https:\\\/\\\/www.inertec.de\\\/?s={search_term_string}\"},\"query-input\":{\"@type\":\"PropertyValueSpecification\",\"valueRequired\":true,\"valueName\":\"search_term_string\"}}],\"inLanguage\":\"en-US\"},{\"@type\":\"Organization\",\"@id\":\"https:\\\/\\\/www.inertec.de\\\/#organization\",\"name\":\"INERTEC L\u00f6ttechnik GmbH\",\"url\":\"https:\\\/\\\/www.inertec.de\\\/\",\"logo\":{\"@type\":\"ImageObject\",\"inLanguage\":\"en-US\",\"@id\":\"https:\\\/\\\/www.inertec.de\\\/#\\\/schema\\\/logo\\\/image\\\/\",\"url\":\"https:\\\/\\\/inertec.de\\\/neu\\\/wp-content\\\/uploads\\\/2021\\\/10\\\/cropped-Inertec-Logo.png\",\"contentUrl\":\"https:\\\/\\\/inertec.de\\\/neu\\\/wp-content\\\/uploads\\\/2021\\\/10\\\/cropped-Inertec-Logo.png\",\"width\":976,\"height\":337,\"caption\":\"INERTEC L\u00f6ttechnik GmbH\"},\"image\":{\"@id\":\"https:\\\/\\\/www.inertec.de\\\/#\\\/schema\\\/logo\\\/image\\\/\"}}]}<\/script>\n<!-- \/ Yoast SEO plugin. -->","yoast_head_json":{"title":"Cube.460 &#8211; INERTEC","description":"Die Cube.460 \u2013 das intelligente und modular aufgebaute Baukastensystem, flexibel f\u00fcr unterschiedlichste Kundenanforderungen.","robots":{"index":"index","follow":"follow","max-snippet":"max-snippet:-1","max-image-preview":"max-image-preview:large","max-video-preview":"max-video-preview:-1"},"canonical":"https:\/\/www.inertec.de\/en\/cube-460\/","og_locale":"en_US","og_type":"article","og_title":"Cube.460 &#8211; INERTEC","og_description":"Die Cube.460 \u2013 das intelligente und modular aufgebaute Baukastensystem, flexibel f\u00fcr unterschiedlichste Kundenanforderungen.","og_url":"https:\/\/www.inertec.de\/en\/cube-460\/","og_site_name":"INERTEC","article_modified_time":"2023-10-19T13:38:47+00:00","og_image":[{"url":"https:\/\/www.inertec.de\/wp-content\/uploads\/2021\/11\/inertec-content-produkt-cube-460-titel-1-1024x512.png","type":"","width":"","height":""}],"twitter_card":"summary_large_image","twitter_misc":{"Est. reading time":"4 minutes"},"schema":{"@context":"https:\/\/schema.org","@graph":[{"@type":"WebPage","@id":"https:\/\/www.inertec.de\/cube-460\/","url":"https:\/\/www.inertec.de\/cube-460\/","name":"Cube.460 &#8211; INERTEC","isPartOf":{"@id":"https:\/\/www.inertec.de\/#website"},"primaryImageOfPage":{"@id":"https:\/\/www.inertec.de\/cube-460\/#primaryimage"},"image":{"@id":"https:\/\/www.inertec.de\/cube-460\/#primaryimage"},"thumbnailUrl":"https:\/\/www.inertec.de\/wp-content\/uploads\/2021\/11\/inertec-content-produkt-cube-460-titel-1-1024x512.png","datePublished":"2021-10-14T12:25:30+00:00","dateModified":"2023-10-19T13:38:47+00:00","description":"Die Cube.460 \u2013 das intelligente und modular aufgebaute Baukastensystem, flexibel f\u00fcr unterschiedlichste Kundenanforderungen.","breadcrumb":{"@id":"https:\/\/www.inertec.de\/cube-460\/#breadcrumb"},"inLanguage":"en-US","potentialAction":[{"@type":"ReadAction","target":["https:\/\/www.inertec.de\/cube-460\/"]}]},{"@type":"ImageObject","inLanguage":"en-US","@id":"https:\/\/www.inertec.de\/cube-460\/#primaryimage","url":"https:\/\/www.inertec.de\/wp-content\/uploads\/2021\/11\/inertec-content-produkt-cube-460-titel-1-1024x512.png","contentUrl":"https:\/\/www.inertec.de\/wp-content\/uploads\/2021\/11\/inertec-content-produkt-cube-460-titel-1-1024x512.png"},{"@type":"BreadcrumbList","@id":"https:\/\/www.inertec.de\/cube-460\/#breadcrumb","itemListElement":[{"@type":"ListItem","position":1,"name":"Startseite","item":"https:\/\/www.inertec.de\/"},{"@type":"ListItem","position":2,"name":"Cube.460"}]},{"@type":"WebSite","@id":"https:\/\/www.inertec.de\/#website","url":"https:\/\/www.inertec.de\/","name":"INERTEC","description":"Soldering Solutions","publisher":{"@id":"https:\/\/www.inertec.de\/#organization"},"potentialAction":[{"@type":"SearchAction","target":{"@type":"EntryPoint","urlTemplate":"https:\/\/www.inertec.de\/?s={search_term_string}"},"query-input":{"@type":"PropertyValueSpecification","valueRequired":true,"valueName":"search_term_string"}}],"inLanguage":"en-US"},{"@type":"Organization","@id":"https:\/\/www.inertec.de\/#organization","name":"INERTEC L\u00f6ttechnik GmbH","url":"https:\/\/www.inertec.de\/","logo":{"@type":"ImageObject","inLanguage":"en-US","@id":"https:\/\/www.inertec.de\/#\/schema\/logo\/image\/","url":"https:\/\/inertec.de\/neu\/wp-content\/uploads\/2021\/10\/cropped-Inertec-Logo.png","contentUrl":"https:\/\/inertec.de\/neu\/wp-content\/uploads\/2021\/10\/cropped-Inertec-Logo.png","width":976,"height":337,"caption":"INERTEC L\u00f6ttechnik GmbH"},"image":{"@id":"https:\/\/www.inertec.de\/#\/schema\/logo\/image\/"}}]}},"uagb_featured_image_src":{"full":false,"thumbnail":false,"medium":false,"medium_large":false,"large":false,"1536x1536":false,"2048x2048":false,"trp-custom-language-flag":false,"sow-carousel-default":false},"uagb_author_info":{"display_name":"itc_admin","author_link":"https:\/\/www.inertec.de\/en\/author\/itc_admin\/"},"uagb_comment_info":0,"uagb_excerpt":"Cube.460 \u2013 Das System fu\u0308r die Automatisierung des Handl\u00f6tbereichs Die Cube.460 ist eine modular aufgebaute Anlage \u2013 von der Basisausstattung bis hin zur kompletten L\u00f6tzelle inkl. eines AOI Systems. Das neue Einstiegs-L\u00f6tsystem CUBE.460 ist als Fertigungsinsel fu\u0308r kleine und mittlere Losgr\u00f6\u00dfen ausgelegt. Mit dem Beladeshuttle k\u00f6nnen Sie direkt an der Maschine THT bestu\u0308cken und gleichzeitig&hellip;","_links":{"self":[{"href":"https:\/\/www.inertec.de\/en\/wp-json\/wp\/v2\/pages\/139","targetHints":{"allow":["GET"]}}],"collection":[{"href":"https:\/\/www.inertec.de\/en\/wp-json\/wp\/v2\/pages"}],"about":[{"href":"https:\/\/www.inertec.de\/en\/wp-json\/wp\/v2\/types\/page"}],"author":[{"embeddable":true,"href":"https:\/\/www.inertec.de\/en\/wp-json\/wp\/v2\/users\/1"}],"replies":[{"embeddable":true,"href":"https:\/\/www.inertec.de\/en\/wp-json\/wp\/v2\/comments?post=139"}],"version-history":[{"count":38,"href":"https:\/\/www.inertec.de\/en\/wp-json\/wp\/v2\/pages\/139\/revisions"}],"predecessor-version":[{"id":1478,"href":"https:\/\/www.inertec.de\/en\/wp-json\/wp\/v2\/pages\/139\/revisions\/1478"}],"wp:attachment":[{"href":"https:\/\/www.inertec.de\/en\/wp-json\/wp\/v2\/media?parent=139"}],"wp:term":[{"taxonomy":"folder","embeddable":true,"href":"https:\/\/www.inertec.de\/en\/wp-json\/wp\/v2\/folder?post=139"}],"curies":[{"name":"wp","href":"https:\/\/api.w.org\/{rel}","templated":true}]}}